{"id":85,"date":"2016-04-11T16:29:36","date_gmt":"2016-04-11T13:29:36","guid":{"rendered":"http:\/\/epm.stiinte.ulbsibiu.ro\/?page_id=85"},"modified":"2016-04-11T21:35:27","modified_gmt":"2016-04-11T18:35:27","slug":"studii-de-licenta","status":"publish","type":"page","link":"https:\/\/stiinte.ulbsibiu.ro\/epm\/planuri-de-invatamant\/studii-de-licenta\/","title":{"rendered":"Studii de licen\u021b\u0103"},"content":{"rendered":"<div class=\"vc_row wpb_row vc_row-fluid\"><div class=\"wpb_column vc_column_container vc_col-sm-12\"><div class=\"wpb_wrapper\"><div class=\"vc_tta-container\" data-vc-action=\"collapse\"><div class=\"vc_general vc_tta vc_tta-tabs vc_tta-color-blue vc_tta-style-modern vc_tta-shape-round vc_tta-spacing-1 vc_tta-tabs-position-left vc_tta-controls-align-left \"><div class=\"vc_tta-tabs-container\"><ul class=\"vc_tta-tabs-list\"><li class=\"vc_tta-tab vc_active\" data-vc-tab><a href=\"#1460381826355-19b95e3f-9a8c\" data-vc-tabs data-vc-container=\".vc_tta\"><span class=\"vc_tta-title-text\"><strong>Ecologie \u0219i Protec\u021bia Mediului<\/strong><\/span><\/a><\/li><li class=\"vc_tta-tab\" data-vc-tab><a href=\"#1460381826420-302fbc8a-e183\" data-vc-tabs data-vc-container=\".vc_tta\"><span class=\"vc_tta-title-text\"><strong>Ecology and Environmetal Protection (eng.)<\/strong><\/span><\/a><\/li><li class=\"vc_tta-tab\" data-vc-tab><a href=\"#1460381923584-dfdc2581-895d\" data-vc-tabs data-vc-container=\".vc_tta\"><span class=\"vc_tta-title-text\"><strong>Biologie<\/strong><\/span><\/a><\/li><\/ul><\/div><div class=\"vc_tta-panels-container\"><div class=\"vc_tta-panels\"><div class=\"vc_tta-panel vc_active\" id=\"1460381826355-19b95e3f-9a8c\" data-vc-content=\".vc_tta-panel-body\"><div class=\"vc_tta-panel-heading\"><h4 class=\"vc_tta-panel-title\"><a href=\"#1460381826355-19b95e3f-9a8c\" data-vc-accordion data-vc-container=\".vc_tta-container\"><span class=\"vc_tta-title-text\"><strong>Ecologie \u0219i Protec\u021bia Mediului<\/strong><\/span><\/a><\/h4><\/div><div class=\"vc_tta-panel-body\">\n\t<div class=\"wpb_text_column wpb_content_element \">\n\t\t<div class=\"wpb_wrapper\">\n\t\t\t<p><span style=\"color: #000080;\"><strong>Anul\u00a0I<\/strong><\/span><\/p>\n<p style=\"padding-left: 30px;\">Biologie vegetal\u0103<\/p>\n<p style=\"padding-left: 30px;\">Biologie animal\u0103<\/p>\n<p style=\"padding-left: 30px;\">Fizic\u0103 general\u0103<\/p>\n<p style=\"padding-left: 30px;\">Chimie general\u0103<\/p>\n<p style=\"padding-left: 30px;\">Geomorfologie cu elemente de geologie<\/p>\n<p style=\"padding-left: 30px;\">Matematic\u0103 cu aplica\u0163ii \u00een ecologie<\/p>\n<p style=\"padding-left: 30px;\">Sistematica fanerogamelor<\/p>\n<p style=\"padding-left: 30px;\">Biologia nevertebratelor<\/p>\n<p style=\"padding-left: 30px;\">Ecologie general\u0103<\/p>\n<p style=\"padding-left: 30px;\">Chimia mediului<\/p>\n<p style=\"padding-left: 30px;\">Hidrologie<\/p>\n<p style=\"padding-left: 30px;\">Operare pe calculator<\/p>\n<p style=\"padding-left: 30px;\">Limba str\u0103in\u0103<\/p>\n<p style=\"padding-left: 30px;\">Educa\u0163ie fizic\u0103<\/p>\n<p>&nbsp;<\/p>\n<p><span style=\"color: #000080;\"><strong>Anul\u00a0II<\/strong><\/span><\/p>\n<p style=\"padding-left: 30px;\">Ecofiziologie vegetal\u0103<\/p>\n<p style=\"padding-left: 30px;\">Biologia vertebratelor<\/p>\n<p style=\"padding-left: 30px;\">Ecologia popula\u0163iilor<\/p>\n<p style=\"padding-left: 30px;\">Fitosociologie \u015fi vegeta\u0163ia Rom\u00e2niei<\/p>\n<p style=\"padding-left: 30px;\">Meteorologie \u015fi climatologie<\/p>\n<p style=\"padding-left: 30px;\">Biochimie<\/p>\n<p style=\"padding-left: 30px;\">Ecofiziologie animal\u0103<\/p>\n<p style=\"padding-left: 30px;\">Hidrobiologie<\/p>\n<p style=\"padding-left: 30px;\">Ecosisteme: structur\u0103 \u015fi func\u0163ii<\/p>\n<p style=\"padding-left: 30px;\">Genetic\u0103 general\u0103<\/p>\n<p style=\"padding-left: 30px;\">Microbiologie<\/p>\n<p style=\"padding-left: 30px;\">Educa\u0163ie fizic\u0103<\/p>\n<p style=\"padding-left: 30px;\">Limba str\u0103in\u0103<\/p>\n<p style=\"padding-left: 30px;\">Practic\u0103<\/p>\n<p style=\"padding-left: 30px;\">GIS \u015fi teledetec\u0163ie \/\u00a0Geografia mediului &#8211; op\u0163ional<\/p>\n<p style=\"padding-left: 30px;\">Ecologia insectelor \/ Faun\u0103 montan\u0103 &#8211; op\u0163ional<\/p>\n<p style=\"padding-left: 30px;\">\u015etiin\u0163a solului \/ Bioproductivitate &#8211; op\u0163ional<\/p>\n<p>&nbsp;<\/p>\n<p><span style=\"color: #000080;\"><strong>Anul\u00a0III<\/strong><\/span><\/p>\n<p style=\"padding-left: 30px;\">Ecologie uman\u0103<\/p>\n<p style=\"padding-left: 30px;\">Modelarea proceselor ecologice<\/p>\n<p style=\"padding-left: 30px;\">Ecologie forestier\u0103<\/p>\n<p style=\"padding-left: 30px;\">Degradarea si protectia mediului<\/p>\n<p style=\"padding-left: 30px;\">Genetica ecologic\u0103<\/p>\n<p style=\"padding-left: 30px;\">Etologie \/ Evolu\u0163ionism\u00a0&#8211; op\u0163ional<\/p>\n<p style=\"padding-left: 30px;\">Managementul de\u0219eurilor \/ Ecotoxicologie &#8211; op\u0163ional<\/p>\n<p style=\"padding-left: 30px;\">Managementul biodiversit\u0103\u0163ii<\/p>\n<p style=\"padding-left: 30px;\">Monitoring ecologic<\/p>\n<p style=\"padding-left: 30px;\">Biogeografie<\/p>\n<p style=\"padding-left: 30px;\">Practic\u0103 pentru elaborarea lucr\u0103rii de licen\u0163\u0103<\/p>\n<p style=\"padding-left: 30px;\">Parazitologie \/ Ornitologie\u00a0&#8211; op\u0163ional<\/p>\n<p style=\"padding-left: 30px;\">Legisla\u0163ie, politici \u015fi strategii de mediu \/ Modificari globale ale mediului &#8211; op\u021bional<\/p>\n<p style=\"padding-left: 30px;\">Tehnologii de protec\u0163ia mediului \/ Gestiunea resurselor de ap\u0103\u00a0&#8211; op\u0163ional<\/p>\n<p style=\"padding-left: 30px;\">Metodologia \u00eentocmirii studiilor de impact<\/p>\n\n\t\t<\/div>\n\t<\/div>\n<\/div><\/div><div class=\"vc_tta-panel\" id=\"1460381826420-302fbc8a-e183\" data-vc-content=\".vc_tta-panel-body\"><div class=\"vc_tta-panel-heading\"><h4 class=\"vc_tta-panel-title\"><a href=\"#1460381826420-302fbc8a-e183\" data-vc-accordion data-vc-container=\".vc_tta-container\"><span class=\"vc_tta-title-text\"><strong>Ecology and Environmetal Protection (eng.)<\/strong><\/span><\/a><\/h4><\/div><div class=\"vc_tta-panel-body\"><\/div><\/div><div class=\"vc_tta-panel\" id=\"1460381923584-dfdc2581-895d\" data-vc-content=\".vc_tta-panel-body\"><div class=\"vc_tta-panel-heading\"><h4 class=\"vc_tta-panel-title\"><a href=\"#1460381923584-dfdc2581-895d\" data-vc-accordion data-vc-container=\".vc_tta-container\"><span class=\"vc_tta-title-text\"><strong>Biologie<\/strong><\/span><\/a><\/h4><\/div><div class=\"vc_tta-panel-body\">\n\t<div class=\"wpb_text_column wpb_content_element \">\n\t\t<div class=\"wpb_wrapper\">\n\t\t\t<p><span style=\"color: #000080;\"><strong>Anul\u00a0I<\/strong><\/span><\/p>\n<p style=\"padding-left: 30px;\">Citologie anatomie \u015fi morfologie vegetal\u0103<\/p>\n<p style=\"padding-left: 30px;\">Citologie \u015fi histologie animal\u0103<\/p>\n<p style=\"padding-left: 30px;\">Matematic\u0103 cu aplica\u0163ii \u00een biologie<\/p>\n<p style=\"padding-left: 30px;\">Biologie animal\u0103<\/p>\n<p style=\"padding-left: 30px;\">Sistematica criptogamelor<\/p>\n<p style=\"padding-left: 30px;\">Sistematica fanerogamelor<\/p>\n<p style=\"padding-left: 30px;\">Sistemetica nevertebratelor<\/p>\n<p style=\"padding-left: 30px;\">Biofizic\u0103<\/p>\n<p style=\"padding-left: 30px;\">Ecologie general\u0103<\/p>\n<p style=\"padding-left: 30px;\">Operare pe calculator<\/p>\n<p style=\"padding-left: 30px;\">Limba str\u0103in\u0103<\/p>\n<p>&nbsp;<\/p>\n<p><span style=\"color: #000080;\"><strong>Anul\u00a0II<\/strong><\/span><\/p>\n<p style=\"padding-left: 30px;\">Fitosociologie \u015fi vegeta\u0163ia Rom\u00e2niei<\/p>\n<p style=\"padding-left: 30px;\">Biofizic\u0103<\/p>\n<p style=\"padding-left: 30px;\">Tehnici de laborator<\/p>\n<p style=\"padding-left: 30px;\">Fiziologie vegetal\u0103<\/p>\n<p style=\"padding-left: 30px;\">Biologia vertebratelor<\/p>\n<p style=\"padding-left: 30px;\">Biologie celular\u0103<\/p>\n<p style=\"padding-left: 30px;\">Fiziologie animal\u0103<\/p>\n<p style=\"padding-left: 30px;\">Sistematica vertebratelor<\/p>\n<p style=\"padding-left: 30px;\">Genetic\u0103 general\u0103<\/p>\n<p style=\"padding-left: 30px;\">Limba str\u0103in\u0103<\/p>\n<p style=\"padding-left: 30px;\">Biochimia metabolismului<\/p>\n<p style=\"padding-left: 30px;\">Enzimologie<\/p>\n<p style=\"padding-left: 30px;\">Anatomie comparat\u0103<\/p>\n<p style=\"padding-left: 30px;\">Microbiologie<\/p>\n<p>&nbsp;<\/p>\n<p><span style=\"color: #000080;\"><strong>Anul\u00a0III<\/strong><\/span><\/p>\n<p style=\"padding-left: 30px;\">Entomologie<\/p>\n<p style=\"padding-left: 30px;\">Func\u0163ii de rela\u0163ie, nutri\u0163ie \u015fi reproducere la animale<\/p>\n<p style=\"padding-left: 30px;\">Parazitologie<\/p>\n<p style=\"padding-left: 30px;\">Evolu\u0163ionism<\/p>\n<p style=\"padding-left: 30px;\">Etologie<\/p>\n<p style=\"padding-left: 30px;\">Genetic\u0103 II<\/p>\n<p style=\"padding-left: 30px;\">Biologie medical\u0103<\/p>\n<p style=\"padding-left: 30px;\">Managementul biodiversit\u0103\u0163ii<\/p>\n<p style=\"padding-left: 30px;\">Biogeografie<\/p>\n<p style=\"padding-left: 30px;\">Hidrobiologie<\/p>\n<p style=\"padding-left: 30px;\">Neurobiologie<\/p>\n<p style=\"padding-left: 30px;\">Imunologie<\/p>\n<p style=\"padding-left: 30px;\">Biotehnologii<\/p>\n<p style=\"padding-left: 30px;\">Practic\u0103 pentru \u00eentocmirea lucr\u0103rii de licen\u0163\u0103<\/p>\n\n\t\t<\/div>\n\t<\/div>\n<\/div><\/div><\/div><\/div><\/div><\/div><\/div><\/div><\/div>\n","protected":false},"excerpt":{"rendered":"Ecologie \u0219i Protec\u021bia MediuluiEcology and Environmetal Protection (eng.)BiologieEcologie \u0219i Protec\u021bia Mediului Anul\u00a0I Biologie vegetal\u0103 Biologie animal\u0103 Fizic\u0103 general\u0103 Chimie general\u0103 Geomorfologie cu elemente de geologie Matematic\u0103 cu aplica\u0163ii \u00een ecologie Sistematica fanerogamelor Biologia nevertebratelor Ecologie general\u0103 Chimia mediului Hidrologie Operare <a href=\"https:\/\/stiinte.ulbsibiu.ro\/epm\/planuri-de-invatamant\/studii-de-licenta\/\" class=\"read-more\">Read More ...<\/a>","protected":false},"author":2,"featured_media":0,"parent":28,"menu_order":0,"comment_status":"closed","ping_status":"closed","template":"","meta":[],"_links":{"self":[{"href":"https:\/\/stiinte.ulbsibiu.ro\/epm\/wp-json\/wp\/v2\/pages\/85"}],"collection":[{"href":"https:\/\/stiinte.ulbsibiu.ro\/epm\/wp-json\/wp\/v2\/pages"}],"about":[{"href":"https:\/\/stiinte.ulbsibiu.ro\/epm\/wp-json\/wp\/v2\/types\/page"}],"author":[{"embeddable":true,"href":"https:\/\/stiinte.ulbsibiu.ro\/epm\/wp-json\/wp\/v2\/users\/2"}],"replies":[{"embeddable":true,"href":"https:\/\/stiinte.ulbsibiu.ro\/epm\/wp-json\/wp\/v2\/comments?post=85"}],"version-history":[{"count":14,"href":"https:\/\/stiinte.ulbsibiu.ro\/epm\/wp-json\/wp\/v2\/pages\/85\/revisions"}],"predecessor-version":[{"id":160,"href":"https:\/\/stiinte.ulbsibiu.ro\/epm\/wp-json\/wp\/v2\/pages\/85\/revisions\/160"}],"up":[{"embeddable":true,"href":"https:\/\/stiinte.ulbsibiu.ro\/epm\/wp-json\/wp\/v2\/pages\/28"}],"wp:attachment":[{"href":"https:\/\/stiinte.ulbsibiu.ro\/epm\/wp-json\/wp\/v2\/media?parent=85"}],"curies":[{"name":"wp","href":"https:\/\/api.w.org\/{rel}","templated":true}]}}