{"id":831,"date":"2025-10-23T11:46:01","date_gmt":"2025-10-23T09:46:01","guid":{"rendered":"https:\/\/stiinte.ulbsibiu.ro\/epm\/?page_id=831"},"modified":"2025-11-30T21:52:19","modified_gmt":"2025-11-30T19:52:19","slug":"program-postuniversitar","status":"publish","type":"page","link":"https:\/\/stiinte.ulbsibiu.ro\/epm\/planuri-de-invatamant\/program-postuniversitar\/","title":{"rendered":"Program postuniversitar"},"content":{"rendered":"\n<h2><strong>DESIGN EXPERIMENTAL \u0218I ANALIZA DATELOR \u00ceN CERCETAREA BIOLOGIC\u0102 \u0218I ECOLOGIC\u0102<\/strong><\/h2>\n\n\n\n<pre class=\"wp-block-preformatted\"><strong><mark style=\"background-color:rgba(0, 0, 0, 0)\" class=\"has-inline-color has-vivid-green-cyan-color\">Perioada: ianuarie \u2013 iunie 2026<\/mark><\/strong><\/pre>\n\n\n\n<p>Acest program postuniversitar este destinat cu prec\u0103dere absolven\u021bilor studiilor de licen\u021b\u0103 sau masterat \u00een Biologie \u0219i Ecologie (\u0218tiin\u021ba Mediului), \u00eens\u0103 se vor accepta \u0219i absolven\u021bi ai unor domenii de studiu diferite, care pot beneficia de <a href=\"https:\/\/stiinte.ulbsibiu.ro\/epm\/wp-content\/uploads\/2025\/10\/Competente.pdf\" data-type=\"URL\" data-id=\"https:\/\/stiinte.ulbsibiu.ro\/epm\/wp-content\/uploads\/2025\/10\/Competente.pdf\"><mark style=\"background-color:rgba(0, 0, 0, 0)\" class=\"has-inline-color has-vivid-red-color\"><strong>competen\u021bele<\/strong><\/mark><\/a> oferite de program.<\/p>\n\n\n\n<p>Programul totalizeaz\u0103 170 ore \u0219i este creditat cu 15 credite transferabile, distribuite pe urm\u0103toarele discipline:<\/p>\n\n\n\n<p><a href=\"https:\/\/stiinte.ulbsibiu.ro\/epm\/wp-content\/uploads\/2025\/10\/Fisa-disciplinei-Introducere-in-R.pdf\" data-type=\"URL\" data-id=\"https:\/\/stiinte.ulbsibiu.ro\/epm\/wp-content\/uploads\/2025\/10\/Fisa-disciplinei-Introducere-in-R.pdf\"><strong>Introducere \u00een R (20 ore) \u2013 2 credite<\/strong><\/a><\/p>\n\n\n\n<p><a href=\"https:\/\/stiinte.ulbsibiu.ro\/epm\/wp-content\/uploads\/2025\/10\/Fisa-disciplinei-Design-experimental-si-analiza-univariata-a-datelor.pdf\" data-type=\"URL\" data-id=\"https:\/\/stiinte.ulbsibiu.ro\/epm\/wp-content\/uploads\/2025\/10\/Fisa-disciplinei-Design-experimental-si-analiza-univariata-a-datelor.pdf\"><strong>Design experimental \u0219i analiza univariat\u0103 a datelor (55 ore) \u2013 5 credite<\/strong><\/a><\/p>\n\n\n\n<p><strong><a href=\"https:\/\/myrmecosromanica.wordpress.com\/wp-content\/uploads\/2025\/10\/fd-managementul-si-analiza-multivariata-a-datelor.pdf\" data-type=\"URL\" data-id=\"https:\/\/myrmecosromanica.wordpress.com\/wp-content\/uploads\/2025\/10\/fd-managementul-si-analiza-multivariata-a-datelor.pdf\">Managementul \u0219i analiza multivariat\u0103 a datelor (55 ore) \u2013 5 credite<\/a><\/strong><\/p>\n\n\n\n<p><a href=\"https:\/\/stiinte.ulbsibiu.ro\/epm\/wp-content\/uploads\/2025\/10\/Fisa-disciplinei-Elaborarea-lucrarilor-stiintifice.pdf\" data-type=\"URL\" data-id=\"https:\/\/stiinte.ulbsibiu.ro\/epm\/wp-content\/uploads\/2025\/10\/Fisa-disciplinei-Elaborarea-lucrarilor-stiintifice.pdf\"><strong>Elaborarea lucr\u0103rilor \u0219tiin\u021bifice (40 ore) \u2013 3 credite<\/strong><\/a><\/p>\n\n\n\n<p>Programul este organizat modular, \u00een 8 module (a c\u0103ror dat\u0103 exact\u0103 va fi stabilit\u0103 pe parcursul cursului) cu urm\u0103torul program:<\/p>\n\n\n\n<p>Vineri: 15.00 \u2013 20.00<\/p>\n\n\n\n<p>S\u00e2mb\u0103t\u0103: 9.00 \u2013 13.00; 15.00 \u2013 20.00<\/p>\n\n\n\n<p>Duminic\u0103: 9.00 \u2013 13.00; 15.00 \u2013 17.00.<\/p>\n\n\n\n<p>Modulele vor fi programate \u00eentre ianuarie \u0219i iunie 2026.<\/p>\n\n\n\n<p>Cursurile \u0219i aplica\u021biile practice se vor desf\u0103\u0219ura \u00een sediul Facult\u0103\u021bii de \u0218tiin\u021be, str. Dr. Ion Ra\u021biu nr. 5-7. \u00cen func\u021bie de necesit\u0103\u021bi, o parte din ore vor putea fi sus\u021binute on-line, pe platforma de e-learning a ULBS.<\/p>\n\n\n\n<p>Programul postuniversitar se finalizeaz\u0103 cu un examen de absolvire (care va avea loc \u00een iunie 2026), iar absolven\u021bilor care promoveaz\u0103 examenul, ULBS le elibereaz\u0103 un certificat de absolvire \u00eenso\u021bit de suplimentul descriptiv.<\/p>\n\n\n\n<pre class=\"wp-block-preformatted\"><mark style=\"background-color:#fcb900\" class=\"has-inline-color\">Taxa de \u0219colarizare este de<strong> 2200<\/strong> RON.<\/mark><\/pre>\n\n\n\n<p>\u00censcrierea se face p\u00e2n\u0103 la data de<mark style=\"background-color:rgba(0, 0, 0, 0)\" class=\"has-inline-color has-vivid-red-color\"> <strong style=\"\">20 decembrie 2025<\/strong><\/mark><strong>!<\/strong><\/p>\n\n\n\n<p>Acte necesare pentru \u00eenscriere:<\/p>\n\n\n\n<ul><li><a href=\"https:\/\/stiinte.ulbsibiu.ro\/epm\/wp-content\/uploads\/2025\/10\/Fisa-inscriere.pdf\" data-type=\"URL\" data-id=\"https:\/\/stiinte.ulbsibiu.ro\/epm\/wp-content\/uploads\/2025\/10\/Fisa-inscriere.pdf\"><strong><mark style=\"background-color:rgba(0, 0, 0, 0)\" class=\"has-inline-color has-vivid-red-color\">Fi\u0219\u0103 \u00eenscriere<\/mark><\/strong><\/a> completat\u0103 de candidat<\/li><li>Copie legalizat\u0103 a diplomei de licen\u021b\u0103 \u0219i a foii matricole<\/li><li>Copie a c\u0103r\u021bii de identitate<\/li><li>Copie legalizat\u0103 a certificatului de na\u0219tere*<\/li><li>Copie a certificatului de c\u0103s\u0103torie (dac\u0103 este cazul pentru certificarea schimb\u0103rii numelui)<\/li><li>*<em>\u00cen locul depunerii copiei legalizate&nbsp;se poate face certificarea conformit\u0103\u021bii cu originalul la secretariat, la depunerea actelor.<\/em><\/li><\/ul>\n\n\n\n<p>Depunerea actelor se face \u00een format fizic la secretariatul Specializ\u0103rii Biologie sau \u00een format electronic la adresa <a href=\"mailto:ana.benedek@ulbsibiu.ro\">ana.benedek@ulbsibiu.ro<\/a>, urm\u00e2nd ca actele \u00een format fizic s\u0103 fie aduse la \u00eenceperea programului.<\/p>\n","protected":false},"excerpt":{"rendered":"<p>DESIGN EXPERIMENTAL \u0218I ANALIZA DATELOR \u00ceN CERCETAREA BIOLOGIC\u0102 \u0218I ECOLOGIC\u0102 Perioada: ianuarie \u2013 iunie 2026 Acest program postuniversitar este destinat cu prec\u0103dere absolven\u021bilor studiilor de licen\u021b\u0103 sau masterat \u00een Biologie \u0219i Ecologie (\u0218tiin\u021ba Mediului), \u00eens\u0103 se vor accepta \u0219i absolven\u021bi <a href=\"https:\/\/stiinte.ulbsibiu.ro\/epm\/planuri-de-invatamant\/program-postuniversitar\/\" class=\"read-more\">Read More &#8230;<\/a><\/p>\n","protected":false},"author":4,"featured_media":0,"parent":28,"menu_order":0,"comment_status":"closed","ping_status":"closed","template":"","meta":[],"_links":{"self":[{"href":"https:\/\/stiinte.ulbsibiu.ro\/epm\/wp-json\/wp\/v2\/pages\/831"}],"collection":[{"href":"https:\/\/stiinte.ulbsibiu.ro\/epm\/wp-json\/wp\/v2\/pages"}],"about":[{"href":"https:\/\/stiinte.ulbsibiu.ro\/epm\/wp-json\/wp\/v2\/types\/page"}],"author":[{"embeddable":true,"href":"https:\/\/stiinte.ulbsibiu.ro\/epm\/wp-json\/wp\/v2\/users\/4"}],"replies":[{"embeddable":true,"href":"https:\/\/stiinte.ulbsibiu.ro\/epm\/wp-json\/wp\/v2\/comments?post=831"}],"version-history":[{"count":11,"href":"https:\/\/stiinte.ulbsibiu.ro\/epm\/wp-json\/wp\/v2\/pages\/831\/revisions"}],"predecessor-version":[{"id":854,"href":"https:\/\/stiinte.ulbsibiu.ro\/epm\/wp-json\/wp\/v2\/pages\/831\/revisions\/854"}],"up":[{"embeddable":true,"href":"https:\/\/stiinte.ulbsibiu.ro\/epm\/wp-json\/wp\/v2\/pages\/28"}],"wp:attachment":[{"href":"https:\/\/stiinte.ulbsibiu.ro\/epm\/wp-json\/wp\/v2\/media?parent=831"}],"curies":[{"name":"wp","href":"https:\/\/api.w.org\/{rel}","templated":true}]}}