{"id":8,"date":"2016-04-08T11:08:37","date_gmt":"2016-04-08T09:08:37","guid":{"rendered":"http:\/\/epm.stiinte.ulbsibiu.ro\/?page_id=8"},"modified":"2025-07-10T13:05:53","modified_gmt":"2025-07-10T11:05:53","slug":"stiri","status":"publish","type":"page","link":"https:\/\/stiinte.ulbsibiu.ro\/epm\/home\/stiri\/","title":{"rendered":"\u0218tiri"},"content":{"rendered":"<div class=\"vc_row wpb_row vc_row-fluid\"><div class=\"wpb_column vc_column_container vc_col-sm-12\"><div class=\"wpb_wrapper\"><div class=\"vc_wp_posts wpb_content_element\">\n\t\t<div class=\"widget widget_recent_entries\">\n\t\t<h2 class=\"widgettitle\">#<\/h2>\n\t\t<ul>\n\t\t\t\t\t\t\t\t\t\t\t<li>\n\t\t\t\t\t<a href=\"https:\/\/stiinte.ulbsibiu.ro\/epm\/informatii-examen-licenta-si-disertatie-sesiunea-februarie-2021\/\">Informa\u021bii examen licen\u021b\u0103 \u0219i diserta\u021bie &#8211; sesiunea februarie 2021<\/a>\n\t\t\t\t\t\t\t\t\t<\/li>\n\t\t\t\t\t\t\t\t\t\t\t<li>\n\t\t\t\t\t<a href=\"https:\/\/stiinte.ulbsibiu.ro\/epm\/studium-oecologicum-x-in-imagini\/\">Studium Oecologicum X &#8211; \u00een imagini<\/a>\n\t\t\t\t\t\t\t\t\t<\/li>\n\t\t\t\t\t\t\t\t\t\t\t<li>\n\t\t\t\t\t<a href=\"https:\/\/stiinte.ulbsibiu.ro\/epm\/tura-in-muntii-apuseni\/\">Tur\u0103 \u00een Mun\u021bii Apuseni<\/a>\n\t\t\t\t\t\t\t\t\t<\/li>\n\t\t\t\t\t\t\t\t\t\t\t<li>\n\t\t\t\t\t<a href=\"https:\/\/stiinte.ulbsibiu.ro\/epm\/site-nou\/\">Curs festiv 2018<\/a>\n\t\t\t\t\t\t\t\t\t<\/li>\n\t\t\t\t\t\t\t\t\t\t\t<li>\n\t\t\t\t\t<a href=\"https:\/\/stiinte.ulbsibiu.ro\/epm\/salut-lume\/\">Excursie de studiu \u00een Mun\u021bii Apuseni<\/a>\n\t\t\t\t\t\t\t\t\t<\/li>\n\t\t\t\t\t\t\t\t\t\t\t<li>\n\t\t\t\t\t<a href=\"https:\/\/stiinte.ulbsibiu.ro\/epm\/eveniment-2\/\">Studium Oecologicum 2022<\/a>\n\t\t\t\t\t\t\t\t\t<\/li>\n\t\t\t\t\t\t\t\t\t\t\t<li>\n\t\t\t\t\t<a href=\"https:\/\/stiinte.ulbsibiu.ro\/epm\/eveniment-1\/\">Conferin\u021b\u0103 Interna\u021bional\u0103 organizat\u0103 de ULBS &#8211; 2022<\/a>\n\t\t\t\t\t\t\t\t\t<\/li>\n\t\t\t\t\t<\/ul>\n\n\t\t<\/div><\/div><\/div><\/div><\/div>\n","protected":false},"excerpt":{"rendered":"# Informa\u021bii examen licen\u021b\u0103 \u0219i diserta\u021bie &#8211; sesiunea februarie 2021 Studium Oecologicum X &#8211; \u00een imagini Tur\u0103 \u00een Mun\u021bii Apuseni Curs festiv 2018 Excursie de studiu \u00een Mun\u021bii Apuseni Studium Oecologicum 2022 Conferin\u021b\u0103 Interna\u021bional\u0103 organizat\u0103 de ULBS &#8211; 2022","protected":false},"author":2,"featured_media":0,"parent":4,"menu_order":1,"comment_status":"closed","ping_status":"closed","template":"","meta":[],"_links":{"self":[{"href":"https:\/\/stiinte.ulbsibiu.ro\/epm\/wp-json\/wp\/v2\/pages\/8"}],"collection":[{"href":"https:\/\/stiinte.ulbsibiu.ro\/epm\/wp-json\/wp\/v2\/pages"}],"about":[{"href":"https:\/\/stiinte.ulbsibiu.ro\/epm\/wp-json\/wp\/v2\/types\/page"}],"author":[{"embeddable":true,"href":"https:\/\/stiinte.ulbsibiu.ro\/epm\/wp-json\/wp\/v2\/users\/2"}],"replies":[{"embeddable":true,"href":"https:\/\/stiinte.ulbsibiu.ro\/epm\/wp-json\/wp\/v2\/comments?post=8"}],"version-history":[{"count":6,"href":"https:\/\/stiinte.ulbsibiu.ro\/epm\/wp-json\/wp\/v2\/pages\/8\/revisions"}],"predecessor-version":[{"id":494,"href":"https:\/\/stiinte.ulbsibiu.ro\/epm\/wp-json\/wp\/v2\/pages\/8\/revisions\/494"}],"up":[{"embeddable":true,"href":"https:\/\/stiinte.ulbsibiu.ro\/epm\/wp-json\/wp\/v2\/pages\/4"}],"wp:attachment":[{"href":"https:\/\/stiinte.ulbsibiu.ro\/epm\/wp-json\/wp\/v2\/media?parent=8"}],"curies":[{"name":"wp","href":"https:\/\/api.w.org\/{rel}","templated":true}]}}