{"id":710,"date":"2025-07-10T11:00:35","date_gmt":"2025-07-10T09:00:35","guid":{"rendered":"https:\/\/stiinte.ulbsibiu.ro\/epm\/?page_id=710"},"modified":"2025-07-10T14:17:39","modified_gmt":"2025-07-10T12:17:39","slug":"acorduri-si-parteneriate","status":"publish","type":"page","link":"https:\/\/stiinte.ulbsibiu.ro\/epm\/cercetare\/acorduri-si-parteneriate\/","title":{"rendered":"Acorduri \u0219i parteneriate"},"content":{"rendered":"\n<p class=\"has-vivid-cyan-blue-color has-white-background-color has-text-color has-background has-medium-font-size\"><strong>Parteneri interna\u021bionali<\/strong><\/p>\n\n\n\n<p><a href=\"https:\/\/www.uni-bayreuth.de\/en\" data-type=\"URL\" data-id=\"https:\/\/www.uni-bayreuth.de\/en\">University of Bayreuth, Germany<\/a><\/p>\n\n\n\n<figure class=\"wp-block-image size-large is-resized is-style-default\"><img loading=\"lazy\" src=\"https:\/\/stiinte.ulbsibiu.ro\/epm\/wp-content\/uploads\/2025\/07\/1.png\" alt=\"\" width=\"281\" height=\"83\"\/><\/figure>\n\n\n\n<p><a href=\"https:\/\/www.belspo.be\/belspo\/fsi\/irsbkbin_en.stm\" data-type=\"URL\" data-id=\"https:\/\/www.belspo.be\/belspo\/fsi\/irsbkbin_en.stm\">Royal Belgian Institute of Natural Sciences, Belgium<\/a><\/p>\n\n\n\n<figure class=\"wp-block-image size-large is-resized\"><img loading=\"lazy\" src=\"https:\/\/stiinte.ulbsibiu.ro\/epm\/wp-content\/uploads\/2025\/07\/NSB.png\" alt=\"\" width=\"164\" height=\"117\"\/><\/figure>\n\n\n\n<p><a href=\"https:\/\/www.belspo.be\/belspo\/fsi\/irsbkbin_en.stm\" data-type=\"URL\" data-id=\"https:\/\/www.belspo.be\/belspo\/fsi\/irsbkbin_en.stm\">Universit\u00e9 Libre de Bruxelles, Belgium<\/a><\/p>\n\n\n\n<figure class=\"wp-block-image size-large\"><img src=\"https:\/\/stiinte.ulbsibiu.ro\/epm\/wp-content\/uploads\/2025\/07\/1111.png\" alt=\"\"\/><\/figure>\n\n\n\n<p><a href=\"https:\/\/www.unifi.it\/en\" data-type=\"URL\" data-id=\"https:\/\/www.unifi.it\/en\">University of Florence, Italy<\/a><\/p>\n\n\n\n<figure class=\"wp-block-image size-large\"><img src=\"https:\/\/stiinte.ulbsibiu.ro\/epm\/wp-content\/uploads\/2025\/07\/firenze.png\" alt=\"\"\/><\/figure>\n\n\n\n<p><a href=\"https:\/\/www.eurac.edu\/en\/institutes-centers\/institute-for-alpine-environment\" data-type=\"URL\" data-id=\"https:\/\/www.eurac.edu\/en\/institutes-centers\/institute-for-alpine-environment\">EURAC \u2013 Institute for Alpine Environment<\/a><\/p>\n\n\n\n<figure class=\"wp-block-image size-large\"><img src=\"https:\/\/stiinte.ulbsibiu.ro\/epm\/wp-content\/uploads\/2025\/07\/21.png\" alt=\"\"\/><\/figure>\n\n\n\n<p><a href=\"https:\/\/www.york.ac.uk\/\" data-type=\"URL\" data-id=\"https:\/\/www.york.ac.uk\/\">University of York, UK<\/a><\/p>\n\n\n\n<figure class=\"wp-block-image size-large\"><img src=\"https:\/\/stiinte.ulbsibiu.ro\/epm\/wp-content\/uploads\/2025\/07\/1111111.png\" alt=\"\"\/><\/figure>\n\n\n\n<p><a href=\"https:\/\/www.luke.fi\/en\" data-type=\"URL\" data-id=\"https:\/\/www.luke.fi\/en\">Natural Resources Institute, Finland<\/a><\/p>\n\n\n\n<figure class=\"wp-block-image size-large\"><img src=\"https:\/\/stiinte.ulbsibiu.ro\/epm\/wp-content\/uploads\/2025\/07\/23.png\" alt=\"\"\/><\/figure>\n\n\n\n<p><a href=\"https:\/\/www.bc.cas.cz\/en\/\" data-type=\"URL\" data-id=\"https:\/\/www.bc.cas.cz\/en\/\">Biology Centre \u010cesk\u00e9 Bud\u011bjovice, Czech Republic<\/a><\/p>\n\n\n\n<figure class=\"wp-block-image size-large\"><img src=\"https:\/\/stiinte.ulbsibiu.ro\/epm\/wp-content\/uploads\/2025\/07\/34.png\" alt=\"\"\/><\/figure>\n\n\n\n<p><a href=\"https:\/\/www3.unimol.it\/\" data-type=\"URL\" data-id=\"https:\/\/www3.unimol.it\/\">The University of Molise, Italy<\/a><\/p>\n\n\n\n<figure class=\"wp-block-image size-large\"><img src=\"https:\/\/stiinte.ulbsibiu.ro\/epm\/wp-content\/uploads\/2025\/07\/345.png\" alt=\"\"\/><\/figure>\n\n\n\n<p><a href=\"http:\/\/www.legambiente.it\/\" data-type=\"URL\" data-id=\"http:\/\/www.legambiente.it\/\">Legambiente, Italy<\/a><\/p>\n\n\n\n<figure class=\"wp-block-image size-large\"><img src=\"https:\/\/stiinte.ulbsibiu.ro\/epm\/wp-content\/uploads\/2025\/07\/3456.png\" alt=\"\"\/><\/figure>\n\n\n\n<p><a href=\"http:\/\/www.mtrg.org\/\" data-type=\"URL\" data-id=\"http:\/\/www.mtrg.org\/\">Mediterranean Trout Research Group<\/a><\/p>\n\n\n\n<figure class=\"wp-block-image size-large\"><img src=\"https:\/\/stiinte.ulbsibiu.ro\/epm\/wp-content\/uploads\/2025\/07\/344455.png\" alt=\"\"\/><\/figure>\n\n\n\n<p><a href=\"https:\/\/www.nmbu.no\/en\" data-type=\"URL\" data-id=\"https:\/\/www.nmbu.no\/en\">The Norwegian University of Life Sciences<\/a><\/p>\n\n\n\n<figure class=\"wp-block-image size-large\"><img src=\"https:\/\/stiinte.ulbsibiu.ro\/epm\/wp-content\/uploads\/2025\/07\/3567.png\" alt=\"\"\/><\/figure>\n\n\n\n<p class=\"has-vivid-cyan-blue-color has-white-background-color has-text-color has-background\"><strong>Parteneri na\u021bionali<\/strong><\/p>\n\n\n\n<p><a href=\"https:\/\/umfcd.ro\/\" data-type=\"URL\" data-id=\"https:\/\/umfcd.ro\/\">Universitatea de Medicina \u0219i Farmacie &#8222;Carol Davila&#8221; din Bucure\u0219ti<\/a><\/p>\n\n\n\n<figure class=\"wp-block-image size-full\"><img loading=\"lazy\" width=\"131\" height=\"129\" src=\"https:\/\/stiinte.ulbsibiu.ro\/epm\/wp-content\/uploads\/2025\/07\/45.jpg\" alt=\"\" class=\"wp-image-772\"\/><\/figure>\n\n\n\n<p><a href=\"https:\/\/genomica.gov.ro\/\" data-type=\"URL\" data-id=\"https:\/\/genomica.gov.ro\/\">Institutul de Cercetare-Dezvoltare \u00een Genomic\u0103<\/a><\/p>\n\n\n\n<figure class=\"wp-block-image size-large is-resized\"><img loading=\"lazy\" src=\"https:\/\/stiinte.ulbsibiu.ro\/epm\/wp-content\/uploads\/2025\/07\/Sigla-ICDG-1024x275.png\" alt=\"\" class=\"wp-image-775\" width=\"287\" height=\"76\" srcset=\"https:\/\/stiinte.ulbsibiu.ro\/epm\/wp-content\/uploads\/2025\/07\/Sigla-ICDG-1024x275.png 1024w, https:\/\/stiinte.ulbsibiu.ro\/epm\/wp-content\/uploads\/2025\/07\/Sigla-ICDG-300x80.png 300w, https:\/\/stiinte.ulbsibiu.ro\/epm\/wp-content\/uploads\/2025\/07\/Sigla-ICDG-768x206.png 768w, https:\/\/stiinte.ulbsibiu.ro\/epm\/wp-content\/uploads\/2025\/07\/Sigla-ICDG-1536x412.png 1536w, https:\/\/stiinte.ulbsibiu.ro\/epm\/wp-content\/uploads\/2025\/07\/Sigla-ICDG-360x97.png 360w, https:\/\/stiinte.ulbsibiu.ro\/epm\/wp-content\/uploads\/2025\/07\/Sigla-ICDG.png 1640w\" sizes=\"(max-width: 287px) 100vw, 287px\" \/><\/figure>\n\n\n\n<p><a href=\"https:\/\/icfundeni.ro\/\" data-type=\"URL\" data-id=\"https:\/\/icfundeni.ro\/\">Institutul Clinic Fundeni<\/a><\/p>\n\n\n\n<figure class=\"wp-block-image size-full\"><img loading=\"lazy\" width=\"289\" height=\"82\" src=\"https:\/\/stiinte.ulbsibiu.ro\/epm\/wp-content\/uploads\/2025\/07\/4687.png\" alt=\"\" class=\"wp-image-777\"\/><\/figure>\n\n\n\n<p><a href=\"https:\/\/parhon.ro\/\" data-type=\"URL\" data-id=\"https:\/\/parhon.ro\/\">Institutul Na\u021bional de Endocrinologie C.I. Parhon<\/a><\/p>\n\n\n\n<figure class=\"wp-block-image size-full\"><img loading=\"lazy\" width=\"169\" height=\"161\" src=\"https:\/\/stiinte.ulbsibiu.ro\/epm\/wp-content\/uploads\/2025\/07\/56.png\" alt=\"\" class=\"wp-image-786\"\/><\/figure>\n\n\n\n<p><a href=\"https:\/\/unibuc.ro\/\" data-type=\"URL\" data-id=\"https:\/\/unibuc.ro\/\">Universitatea din Bucure\u0219ti<\/a><\/p>\n\n\n\n<figure class=\"wp-block-image size-full\"><img loading=\"lazy\" width=\"170\" height=\"161\" src=\"https:\/\/stiinte.ulbsibiu.ro\/epm\/wp-content\/uploads\/2025\/07\/65.png\" alt=\"\" class=\"wp-image-795\"\/><\/figure>\n\n\n\n<p><a href=\"https:\/\/virology.ro\/\" data-type=\"URL\" data-id=\"https:\/\/virology.ro\/\">Institutul de Virologie \u0218tefan S. Nicolau<\/a><\/p>\n\n\n\n<figure class=\"wp-block-image size-full\"><img loading=\"lazy\" width=\"128\" height=\"129\" src=\"https:\/\/stiinte.ulbsibiu.ro\/epm\/wp-content\/uploads\/2025\/07\/63.png\" alt=\"\" class=\"wp-image-798\"\/><\/figure>\n\n\n\n<p><a href=\"https:\/\/www.biochim.ro\/\" data-type=\"URL\" data-id=\"https:\/\/www.biochim.ro\/\">Institutul de Biochimie<\/a><\/p>\n\n\n\n<figure class=\"wp-block-image size-full is-resized\"><img loading=\"lazy\" src=\"https:\/\/stiinte.ulbsibiu.ro\/epm\/wp-content\/uploads\/2025\/07\/7.png\" alt=\"\" class=\"wp-image-801\" width=\"76\" height=\"72\"\/><\/figure>\n\n\n\n<p><a href=\"https:\/\/mateibals.ro\/\" data-type=\"URL\" data-id=\"https:\/\/mateibals.ro\/\">Institutul Na\u021bional de Boli Infec\u021bioase \u201eProf. Dr. Matei Bal\u0219\u201d<\/a><\/p>\n\n\n\n<figure class=\"wp-block-image size-full is-resized\"><img loading=\"lazy\" src=\"https:\/\/stiinte.ulbsibiu.ro\/epm\/wp-content\/uploads\/2025\/07\/image.png\" alt=\"\" class=\"wp-image-802\" width=\"169\" height=\"89\" srcset=\"https:\/\/stiinte.ulbsibiu.ro\/epm\/wp-content\/uploads\/2025\/07\/image.png 406w, https:\/\/stiinte.ulbsibiu.ro\/epm\/wp-content\/uploads\/2025\/07\/image-300x158.png 300w, https:\/\/stiinte.ulbsibiu.ro\/epm\/wp-content\/uploads\/2025\/07\/image-360x190.png 360w\" sizes=\"(max-width: 169px) 100vw, 169px\" \/><\/figure>\n\n\n\n<p><a href=\"https:\/\/www.ivb.ro\/\" data-type=\"URL\" data-id=\"https:\/\/www.ivb.ro\/\">Institutul Na\u021bional de Cercetare-Dezvoltare \u00een Domeniul Patologiei \u0219i \u0218tiin\u021belor Biomedicale \u201dVictor Babe\u0219\u201d Bucure\u0219ti<\/a><\/p>\n\n\n\n<figure class=\"wp-block-image size-full is-resized\"><img loading=\"lazy\" src=\"https:\/\/stiinte.ulbsibiu.ro\/epm\/wp-content\/uploads\/2025\/07\/image-1.png\" alt=\"\" class=\"wp-image-803\" width=\"242\" height=\"104\" srcset=\"https:\/\/stiinte.ulbsibiu.ro\/epm\/wp-content\/uploads\/2025\/07\/image-1.png 593w, https:\/\/stiinte.ulbsibiu.ro\/epm\/wp-content\/uploads\/2025\/07\/image-1-300x128.png 300w, https:\/\/stiinte.ulbsibiu.ro\/epm\/wp-content\/uploads\/2025\/07\/image-1-360x154.png 360w\" sizes=\"(max-width: 242px) 100vw, 242px\" \/><\/figure>\n\n\n\n<p><a href=\"https:\/\/umfcluj.ro\/\" data-type=\"URL\" data-id=\"https:\/\/umfcluj.ro\/\">Universitatea de Medicin\u0103 \u0219i Farmacie \u201dIuliu Ha\u021beganu\u201d Cluj-Napoca<\/a><\/p>\n\n\n\n<figure class=\"wp-block-image size-full is-resized\"><img loading=\"lazy\" src=\"https:\/\/stiinte.ulbsibiu.ro\/epm\/wp-content\/uploads\/2025\/07\/image-2.png\" alt=\"\" class=\"wp-image-805\" width=\"185\" height=\"85\" srcset=\"https:\/\/stiinte.ulbsibiu.ro\/epm\/wp-content\/uploads\/2025\/07\/image-2.png 469w, https:\/\/stiinte.ulbsibiu.ro\/epm\/wp-content\/uploads\/2025\/07\/image-2-300x138.png 300w, https:\/\/stiinte.ulbsibiu.ro\/epm\/wp-content\/uploads\/2025\/07\/image-2-360x165.png 360w\" sizes=\"(max-width: 185px) 100vw, 185px\" \/><\/figure>\n\n\n\n<p><a href=\"https:\/\/www.umfcv.ro\/\" data-type=\"URL\" data-id=\"https:\/\/www.umfcv.ro\/\">Universitatea de Medicin\u0103 \u0219i Farmacie din Craiova<\/a><\/p>\n\n\n\n<figure class=\"wp-block-image size-full is-resized\"><img loading=\"lazy\" src=\"https:\/\/stiinte.ulbsibiu.ro\/epm\/wp-content\/uploads\/2025\/07\/image-3.png\" alt=\"\" class=\"wp-image-807\" width=\"137\" height=\"137\" srcset=\"https:\/\/stiinte.ulbsibiu.ro\/epm\/wp-content\/uploads\/2025\/07\/image-3.png 313w, https:\/\/stiinte.ulbsibiu.ro\/epm\/wp-content\/uploads\/2025\/07\/image-3-300x300.png 300w, https:\/\/stiinte.ulbsibiu.ro\/epm\/wp-content\/uploads\/2025\/07\/image-3-150x150.png 150w, https:\/\/stiinte.ulbsibiu.ro\/epm\/wp-content\/uploads\/2025\/07\/image-3-270x270.png 270w\" sizes=\"(max-width: 137px) 100vw, 137px\" \/><\/figure>\n\n\n\n<p><a href=\"https:\/\/www.umfiasi.ro\/ro\" data-type=\"URL\" data-id=\"https:\/\/www.umfiasi.ro\/ro\">Universitatea de Medicin\u0103 \u0219i Farmacie \u201dGrigore T. Popa\u201d Ia\u0219i<\/a><\/p>\n\n\n\n<figure class=\"wp-block-image size-full is-resized\"><img loading=\"lazy\" src=\"https:\/\/stiinte.ulbsibiu.ro\/epm\/wp-content\/uploads\/2025\/07\/image-4.png\" alt=\"\" class=\"wp-image-810\" width=\"328\" height=\"98\" srcset=\"https:\/\/stiinte.ulbsibiu.ro\/epm\/wp-content\/uploads\/2025\/07\/image-4.png 495w, https:\/\/stiinte.ulbsibiu.ro\/epm\/wp-content\/uploads\/2025\/07\/image-4-300x90.png 300w, https:\/\/stiinte.ulbsibiu.ro\/epm\/wp-content\/uploads\/2025\/07\/image-4-360x108.png 360w\" sizes=\"(max-width: 328px) 100vw, 328px\" \/><\/figure>\n\n\n\n<p><a href=\"https:\/\/umfst.ro\/\" data-type=\"URL\" data-id=\"https:\/\/umfst.ro\/\">Universitatea de Medicin\u0103, Farmacie, \u0218tiin\u021be \u0219i Tehnologie \u201dGeorge Emil Palade\u201d din T\u00e2rgu Mur<\/a>es<\/p>\n\n\n\n<figure class=\"wp-block-image size-full is-resized\"><img loading=\"lazy\" src=\"https:\/\/stiinte.ulbsibiu.ro\/epm\/wp-content\/uploads\/2025\/07\/image-5.png\" alt=\"\" class=\"wp-image-812\" width=\"339\" height=\"91\" srcset=\"https:\/\/stiinte.ulbsibiu.ro\/epm\/wp-content\/uploads\/2025\/07\/image-5.png 519w, https:\/\/stiinte.ulbsibiu.ro\/epm\/wp-content\/uploads\/2025\/07\/image-5-300x81.png 300w, https:\/\/stiinte.ulbsibiu.ro\/epm\/wp-content\/uploads\/2025\/07\/image-5-360x97.png 360w\" sizes=\"(max-width: 339px) 100vw, 339px\" \/><\/figure>\n\n\n\n<p><a href=\"https:\/\/www.umft.ro\/ro\/acasa\/\" data-type=\"URL\" data-id=\"https:\/\/www.umft.ro\/ro\/acasa\/\">Universitatea de Medicin\u0103 \u0219i Farmacie \u201dVictor Babe\u0219\u201d din Timi\u0219oara<\/a><\/p>\n\n\n\n<figure class=\"wp-block-image size-full is-resized\"><img loading=\"lazy\" src=\"https:\/\/stiinte.ulbsibiu.ro\/epm\/wp-content\/uploads\/2025\/07\/image-6.png\" alt=\"\" class=\"wp-image-814\" width=\"335\" height=\"84\" srcset=\"https:\/\/stiinte.ulbsibiu.ro\/epm\/wp-content\/uploads\/2025\/07\/image-6.png 711w, https:\/\/stiinte.ulbsibiu.ro\/epm\/wp-content\/uploads\/2025\/07\/image-6-300x75.png 300w, https:\/\/stiinte.ulbsibiu.ro\/epm\/wp-content\/uploads\/2025\/07\/image-6-360x90.png 360w\" sizes=\"(max-width: 335px) 100vw, 335px\" \/><\/figure>\n\n\n\n<p><a href=\"https:\/\/iocn.ro\/\" data-type=\"URL\" data-id=\"https:\/\/iocn.ro\/\">Institutul Oncologic \u201dProf. Dr. Ion Chiricu\u021b\u0103\u201d Cluj-Napoca<\/a><\/p>\n\n\n\n<figure class=\"wp-block-image size-full is-resized\"><img loading=\"lazy\" src=\"https:\/\/stiinte.ulbsibiu.ro\/epm\/wp-content\/uploads\/2025\/07\/image-7.png\" alt=\"\" class=\"wp-image-816\" width=\"204\" height=\"94\" srcset=\"https:\/\/stiinte.ulbsibiu.ro\/epm\/wp-content\/uploads\/2025\/07\/image-7.png 516w, https:\/\/stiinte.ulbsibiu.ro\/epm\/wp-content\/uploads\/2025\/07\/image-7-300x138.png 300w, https:\/\/stiinte.ulbsibiu.ro\/epm\/wp-content\/uploads\/2025\/07\/image-7-360x166.png 360w\" sizes=\"(max-width: 204px) 100vw, 204px\" \/><\/figure>\n\n\n\n<p><a href=\"https:\/\/www.unitbv.ro\/\" data-type=\"URL\" data-id=\"https:\/\/www.unitbv.ro\/\">Universitatea Transilvania din Bra\u0219ov<\/a><\/p>\n\n\n\n<figure class=\"wp-block-image size-full is-resized\"><img loading=\"lazy\" src=\"https:\/\/stiinte.ulbsibiu.ro\/epm\/wp-content\/uploads\/2025\/07\/image-8.png\" alt=\"\" class=\"wp-image-818\" width=\"234\" height=\"110\" srcset=\"https:\/\/stiinte.ulbsibiu.ro\/epm\/wp-content\/uploads\/2025\/07\/image-8.png 563w, https:\/\/stiinte.ulbsibiu.ro\/epm\/wp-content\/uploads\/2025\/07\/image-8-300x141.png 300w, https:\/\/stiinte.ulbsibiu.ro\/epm\/wp-content\/uploads\/2025\/07\/image-8-360x169.png 360w\" sizes=\"(max-width: 234px) 100vw, 234px\" \/><\/figure>\n\n\n\n<p><a href=\"https:\/\/www.univ-ovidius.ro\/\" data-type=\"URL\" data-id=\"https:\/\/www.univ-ovidius.ro\/\">Universitatea Ovidius din Constan\u021ba<\/a><\/p>\n\n\n\n<figure class=\"wp-block-image size-full is-resized\"><img loading=\"lazy\" src=\"https:\/\/stiinte.ulbsibiu.ro\/epm\/wp-content\/uploads\/2025\/07\/image-9.png\" alt=\"\" class=\"wp-image-820\" width=\"117\" height=\"117\" srcset=\"https:\/\/stiinte.ulbsibiu.ro\/epm\/wp-content\/uploads\/2025\/07\/image-9.png 241w, https:\/\/stiinte.ulbsibiu.ro\/epm\/wp-content\/uploads\/2025\/07\/image-9-150x150.png 150w\" sizes=\"(max-width: 117px) 100vw, 117px\" \/><\/figure>\n\n\n\n<p><a href=\"https:\/\/www.uoradea.ro\/\" data-type=\"URL\" data-id=\"https:\/\/www.uoradea.ro\/\">Universitatea din Oradea<\/a><\/p>\n\n\n\n<figure class=\"wp-block-image size-full is-resized\"><img loading=\"lazy\" src=\"https:\/\/stiinte.ulbsibiu.ro\/epm\/wp-content\/uploads\/2025\/07\/image-10.png\" alt=\"\" class=\"wp-image-821\" width=\"130\" height=\"130\" srcset=\"https:\/\/stiinte.ulbsibiu.ro\/epm\/wp-content\/uploads\/2025\/07\/image-10.png 313w, https:\/\/stiinte.ulbsibiu.ro\/epm\/wp-content\/uploads\/2025\/07\/image-10-300x300.png 300w, https:\/\/stiinte.ulbsibiu.ro\/epm\/wp-content\/uploads\/2025\/07\/image-10-150x150.png 150w, https:\/\/stiinte.ulbsibiu.ro\/epm\/wp-content\/uploads\/2025\/07\/image-10-269x270.png 269w\" sizes=\"(max-width: 130px) 100vw, 130px\" \/><\/figure>\n\n\n\n<p><a href=\"https:\/\/moleculargenomics.ro\/\" data-type=\"URL\" data-id=\"https:\/\/moleculargenomics.ro\/\">Molecular Genomics<\/a><\/p>\n\n\n\n<figure class=\"wp-block-image size-full is-resized\"><img loading=\"lazy\" src=\"https:\/\/stiinte.ulbsibiu.ro\/epm\/wp-content\/uploads\/2025\/07\/image-11.png\" alt=\"\" class=\"wp-image-824\" width=\"192\" height=\"51\" srcset=\"https:\/\/stiinte.ulbsibiu.ro\/epm\/wp-content\/uploads\/2025\/07\/image-11.png 594w, https:\/\/stiinte.ulbsibiu.ro\/epm\/wp-content\/uploads\/2025\/07\/image-11-300x80.png 300w, https:\/\/stiinte.ulbsibiu.ro\/epm\/wp-content\/uploads\/2025\/07\/image-11-360x96.png 360w\" sizes=\"(max-width: 192px) 100vw, 192px\" \/><\/figure>\n\n\n\n<p><a href=\"https:\/\/www.icsi.ro\/\" data-type=\"URL\" data-id=\"https:\/\/www.icsi.ro\/\">Institutul Na\u021bional de Cercetare-Dezvoltare pentru Tehnologii Criogenice \u0219i Izotopice Ramnicu Valcea<\/a><\/p>\n\n\n\n<figure class=\"wp-block-image size-full is-resized\"><img loading=\"lazy\" src=\"https:\/\/stiinte.ulbsibiu.ro\/epm\/wp-content\/uploads\/2025\/07\/image-12.png\" alt=\"\" class=\"wp-image-825\" width=\"216\" height=\"54\"\/><\/figure>\n\n\n\n<p><a href=\"https:\/\/www.ubbcluj.ro\/ro\/\" data-type=\"URL\" data-id=\"https:\/\/www.ubbcluj.ro\/ro\/\">Universitatea \u201dBabe\u0219 Bolyai din Cluj-Napoca<\/a><\/p>\n\n\n\n<figure class=\"wp-block-image size-full is-resized\"><img loading=\"lazy\" src=\"https:\/\/stiinte.ulbsibiu.ro\/epm\/wp-content\/uploads\/2025\/07\/image-13.png\" alt=\"\" class=\"wp-image-826\" width=\"188\" height=\"57\" srcset=\"https:\/\/stiinte.ulbsibiu.ro\/epm\/wp-content\/uploads\/2025\/07\/image-13.png 594w, https:\/\/stiinte.ulbsibiu.ro\/epm\/wp-content\/uploads\/2025\/07\/image-13-300x91.png 300w, https:\/\/stiinte.ulbsibiu.ro\/epm\/wp-content\/uploads\/2025\/07\/image-13-360x109.png 360w\" sizes=\"(max-width: 188px) 100vw, 188px\" \/><\/figure>\n\n\n\n<p><a href=\"https:\/\/iuls.ro\/\" data-type=\"URL\" data-id=\"https:\/\/iuls.ro\/\">Universitatea de \u015etiin\u0163ele Vie\u0163ii \u201cIon Ionescu de la Brad\u201d din Ia\u015fi<\/a><\/p>\n\n\n\n<figure class=\"wp-block-image size-full is-resized\"><img loading=\"lazy\" src=\"https:\/\/stiinte.ulbsibiu.ro\/epm\/wp-content\/uploads\/2025\/07\/image-14.png\" alt=\"\" class=\"wp-image-827\" width=\"121\" height=\"162\" srcset=\"https:\/\/stiinte.ulbsibiu.ro\/epm\/wp-content\/uploads\/2025\/07\/image-14.png 266w, https:\/\/stiinte.ulbsibiu.ro\/epm\/wp-content\/uploads\/2025\/07\/image-14-224x300.png 224w, https:\/\/stiinte.ulbsibiu.ro\/epm\/wp-content\/uploads\/2025\/07\/image-14-201x270.png 201w\" sizes=\"(max-width: 121px) 100vw, 121px\" \/><\/figure>\n","protected":false},"excerpt":{"rendered":"<p>Parteneri interna\u021bionali University of Bayreuth, Germany Royal Belgian Institute of Natural Sciences, Belgium Universit\u00e9 Libre de Bruxelles, Belgium University of Florence, Italy EURAC \u2013 Institute for Alpine Environment University of York, UK Natural Resources Institute, Finland Biology Centre \u010cesk\u00e9 Bud\u011bjovice, <a href=\"https:\/\/stiinte.ulbsibiu.ro\/epm\/cercetare\/acorduri-si-parteneriate\/\" class=\"read-more\">Read More &#8230;<\/a><\/p>\n","protected":false},"author":4,"featured_media":0,"parent":687,"menu_order":2,"comment_status":"closed","ping_status":"closed","template":"","meta":[],"_links":{"self":[{"href":"https:\/\/stiinte.ulbsibiu.ro\/epm\/wp-json\/wp\/v2\/pages\/710"}],"collection":[{"href":"https:\/\/stiinte.ulbsibiu.ro\/epm\/wp-json\/wp\/v2\/pages"}],"about":[{"href":"https:\/\/stiinte.ulbsibiu.ro\/epm\/wp-json\/wp\/v2\/types\/page"}],"author":[{"embeddable":true,"href":"https:\/\/stiinte.ulbsibiu.ro\/epm\/wp-json\/wp\/v2\/users\/4"}],"replies":[{"embeddable":true,"href":"https:\/\/stiinte.ulbsibiu.ro\/epm\/wp-json\/wp\/v2\/comments?post=710"}],"version-history":[{"count":39,"href":"https:\/\/stiinte.ulbsibiu.ro\/epm\/wp-json\/wp\/v2\/pages\/710\/revisions"}],"predecessor-version":[{"id":828,"href":"https:\/\/stiinte.ulbsibiu.ro\/epm\/wp-json\/wp\/v2\/pages\/710\/revisions\/828"}],"up":[{"embeddable":true,"href":"https:\/\/stiinte.ulbsibiu.ro\/epm\/wp-json\/wp\/v2\/pages\/687"}],"wp:attachment":[{"href":"https:\/\/stiinte.ulbsibiu.ro\/epm\/wp-json\/wp\/v2\/media?parent=710"}],"curies":[{"name":"wp","href":"https:\/\/api.w.org\/{rel}","templated":true}]}}