{"id":412,"date":"2018-06-18T16:56:14","date_gmt":"2018-06-18T14:56:14","guid":{"rendered":"http:\/\/epm.stiinte.ulbsibiu.ro\/?page_id=412"},"modified":"2018-06-18T23:47:56","modified_gmt":"2018-06-18T21:47:56","slug":"biologie-aplicata-studii-de-masterat","status":"publish","type":"page","link":"https:\/\/stiinte.ulbsibiu.ro\/epm\/planuri-de-invatamant\/studii-de-masterat\/biologie-aplicata-studii-de-masterat\/","title":{"rendered":"Biologie aplicat\u0103"},"content":{"rendered":"<h3><strong>Studii de masterat;<\/strong><\/h3>\n<h3><strong>Domeniul: Biologie;<\/strong><\/h3>\n<h3><strong>Durata: 2 ani;<\/strong><\/h3>\n<h4>Programul de master\u00a0<strong><em>Biologie aplicat\u0103\u00a0<\/em><\/strong>urmeaz\u0103 studiile de licen\u021b\u0103 \u00een domeniul Biologie la ULBS. Disciplinele din curricula programului de master permit o specializare \u00een dou\u0103 domenii distincte, acela al taxonomiei vegetale \u0219i animale, respectiv domeniul biomedical. Oferta larg\u0103 a disciplinelor op\u021bionale permite ob\u021binerea de competen\u021be\u00a0 \u00een oricare dintre cele dou\u0103 domenii \u00een func\u021bie de sfera de interes a studen\u021bilor \u0219i locul de munc\u0103 vizat.<\/h4>\n<h4><strong>Oportunit\u0103\u021bi<\/strong><\/h4>\n<h4>Absolven\u021bii programelor de licen\u021b\u0103 \u0219i master \u00een domeniul Biologie pot practica\u00a0profesii\u00a0numeroase, precum biologi \u00een laboratoare medicale, alte laboratoare de analize biologice sau de cercetare, agen\u021bii de protec\u021bia mediului, muzee, administra\u021bii ale ariilor protejate sau cadre didactice \u00een \u00eenv\u0103\u021b\u0103m\u00e2ntul preuniversitar.<\/h4>\n","protected":false},"excerpt":{"rendered":"<p>Studii de masterat; Domeniul: Biologie; Durata: 2 ani; Programul de master\u00a0Biologie aplicat\u0103\u00a0urmeaz\u0103 studiile de licen\u021b\u0103 \u00een domeniul Biologie la ULBS. Disciplinele din curricula programului de master permit o specializare \u00een dou\u0103 domenii distincte, acela al taxonomiei vegetale \u0219i animale, respectiv <a href=\"https:\/\/stiinte.ulbsibiu.ro\/epm\/planuri-de-invatamant\/studii-de-masterat\/biologie-aplicata-studii-de-masterat\/\" class=\"read-more\">Read More &#8230;<\/a><\/p>\n","protected":false},"author":2,"featured_media":424,"parent":83,"menu_order":0,"comment_status":"closed","ping_status":"closed","template":"","meta":[],"_links":{"self":[{"href":"https:\/\/stiinte.ulbsibiu.ro\/epm\/wp-json\/wp\/v2\/pages\/412"}],"collection":[{"href":"https:\/\/stiinte.ulbsibiu.ro\/epm\/wp-json\/wp\/v2\/pages"}],"about":[{"href":"https:\/\/stiinte.ulbsibiu.ro\/epm\/wp-json\/wp\/v2\/types\/page"}],"author":[{"embeddable":true,"href":"https:\/\/stiinte.ulbsibiu.ro\/epm\/wp-json\/wp\/v2\/users\/2"}],"replies":[{"embeddable":true,"href":"https:\/\/stiinte.ulbsibiu.ro\/epm\/wp-json\/wp\/v2\/comments?post=412"}],"version-history":[{"count":8,"href":"https:\/\/stiinte.ulbsibiu.ro\/epm\/wp-json\/wp\/v2\/pages\/412\/revisions"}],"predecessor-version":[{"id":488,"href":"https:\/\/stiinte.ulbsibiu.ro\/epm\/wp-json\/wp\/v2\/pages\/412\/revisions\/488"}],"up":[{"embeddable":true,"href":"https:\/\/stiinte.ulbsibiu.ro\/epm\/wp-json\/wp\/v2\/pages\/83"}],"wp:featuredmedia":[{"embeddable":true,"href":"https:\/\/stiinte.ulbsibiu.ro\/epm\/wp-json\/wp\/v2\/media\/424"}],"wp:attachment":[{"href":"https:\/\/stiinte.ulbsibiu.ro\/epm\/wp-json\/wp\/v2\/media?parent=412"}],"curies":[{"name":"wp","href":"https:\/\/api.w.org\/{rel}","templated":true}]}}