{"id":407,"date":"2018-06-18T16:52:14","date_gmt":"2018-06-18T14:52:14","guid":{"rendered":"http:\/\/epm.stiinte.ulbsibiu.ro\/?page_id=407"},"modified":"2018-06-18T20:52:14","modified_gmt":"2018-06-18T18:52:14","slug":"biologie-studii-de-licenta","status":"publish","type":"page","link":"https:\/\/stiinte.ulbsibiu.ro\/epm\/planuri-de-invatamant\/studii-de-licenta\/biologie-studii-de-licenta\/","title":{"rendered":"Biologie"},"content":{"rendered":"<div class=\"vc_row wpb_row vc_row-fluid\"><div class=\"wpb_column vc_column_container vc_col-sm-12\"><div class=\"wpb_wrapper\">\n\t<div class=\"wpb_text_column wpb_content_element \">\n\t\t<div class=\"wpb_wrapper\">\n\t\t\t<h3><strong>Studii de licen\u021b\u0103;<\/strong><\/h3>\n<h3><strong>Domeniul: Biologie;<\/strong><\/h3>\n<h3><strong>Durata: 3 ani;<\/strong><\/h3>\n<h4>Domeniul Biologie func\u021bioneaz\u0103 la Facultatea de \u0218tiin\u021be a ULBS din anul 2006, venind ca o completare fireasc\u0103 a programului Ecologie \u0219i protec\u021bia mediului.<\/h4>\n<h4>Actual, Facultatea de \u0218tiin\u021be a ULBS ofer\u0103 studii \u00een domeniul Biologie prin programul de licen\u021b\u0103\u00a0<strong><em>Biologie<\/em><\/strong>\u00a0\u0219i programul de master\u00a0<strong><em>Biologie aplicat\u0103<\/em><\/strong>.<\/h4>\n<h4>Programul de licen\u021b\u0103\u00a0<strong><em>Biologie<\/em><\/strong>\u00a0ofer\u0103 o formare de baz\u0103 \u00een domeniu prin studiul organismelor vii la toate nivelurile de organizare, \u00een ansamblul complexit\u0103\u021bii lor structurale \u0219i func\u021bionale. Pe parcursul celor trei ani, viitorii biologi vor studia o varietate de discipline put\u00e2nd opta pentru unele dintre acestea, \u00een func\u021bie de domeniul de interes. Studiul teoretic este completat prin activit\u0103\u021bi practice derulate \u00een laboratoare de specialitate sau pe teren, oferind \u00een acest mod o formare solid\u0103 viitorilor absolven\u021bi.<\/h4>\n<h4><strong>Oportunit\u0103\u021bi<\/strong><\/h4>\n<h4>Absolven\u021bii programelor de licen\u021b\u0103 \u0219i master \u00een domeniul Biologie pot practica\u00a0profesii\u00a0numeroase, precum biologi \u00een laboratoare medicale, alte laboratoare de analize biologice sau de cercetare, agen\u021bii de protec\u021bia mediului, muzee, administra\u021bii ale ariilor protejate sau cadre didactice \u00een \u00eenv\u0103\u021b\u0103m\u00e2ntul preuniversitar.<\/h4>\n\n\t\t<\/div>\n\t<\/div>\n<\/div><\/div><\/div>\n","protected":false},"excerpt":{"rendered":"Studii de licen\u021b\u0103; Domeniul: Biologie; Durata: 3 ani; Domeniul Biologie func\u021bioneaz\u0103 la Facultatea de \u0218tiin\u021be a ULBS din anul 2006, venind ca o completare fireasc\u0103 a programului Ecologie \u0219i protec\u021bia mediului. Actual, Facultatea de \u0218tiin\u021be a ULBS ofer\u0103 studii \u00een <a href=\"https:\/\/stiinte.ulbsibiu.ro\/epm\/planuri-de-invatamant\/studii-de-licenta\/biologie-studii-de-licenta\/\" class=\"read-more\">Read More ...<\/a>","protected":false},"author":2,"featured_media":438,"parent":85,"menu_order":0,"comment_status":"closed","ping_status":"closed","template":"","meta":[],"_links":{"self":[{"href":"https:\/\/stiinte.ulbsibiu.ro\/epm\/wp-json\/wp\/v2\/pages\/407"}],"collection":[{"href":"https:\/\/stiinte.ulbsibiu.ro\/epm\/wp-json\/wp\/v2\/pages"}],"about":[{"href":"https:\/\/stiinte.ulbsibiu.ro\/epm\/wp-json\/wp\/v2\/types\/page"}],"author":[{"embeddable":true,"href":"https:\/\/stiinte.ulbsibiu.ro\/epm\/wp-json\/wp\/v2\/users\/2"}],"replies":[{"embeddable":true,"href":"https:\/\/stiinte.ulbsibiu.ro\/epm\/wp-json\/wp\/v2\/comments?post=407"}],"version-history":[{"count":5,"href":"https:\/\/stiinte.ulbsibiu.ro\/epm\/wp-json\/wp\/v2\/pages\/407\/revisions"}],"predecessor-version":[{"id":450,"href":"https:\/\/stiinte.ulbsibiu.ro\/epm\/wp-json\/wp\/v2\/pages\/407\/revisions\/450"}],"up":[{"embeddable":true,"href":"https:\/\/stiinte.ulbsibiu.ro\/epm\/wp-json\/wp\/v2\/pages\/85"}],"wp:featuredmedia":[{"embeddable":true,"href":"https:\/\/stiinte.ulbsibiu.ro\/epm\/wp-json\/wp\/v2\/media\/438"}],"wp:attachment":[{"href":"https:\/\/stiinte.ulbsibiu.ro\/epm\/wp-json\/wp\/v2\/media?parent=407"}],"curies":[{"name":"wp","href":"https:\/\/api.w.org\/{rel}","templated":true}]}}