{"id":405,"date":"2018-06-18T16:50:47","date_gmt":"2018-06-18T14:50:47","guid":{"rendered":"http:\/\/epm.stiinte.ulbsibiu.ro\/?page_id=405"},"modified":"2018-06-18T23:47:35","modified_gmt":"2018-06-18T21:47:35","slug":"ecologie-si-protectia-mediului","status":"publish","type":"page","link":"https:\/\/stiinte.ulbsibiu.ro\/epm\/planuri-de-invatamant\/studii-de-licenta\/ecologie-si-protectia-mediului\/","title":{"rendered":"Ecologie \u0219i protec\u021bia mediului"},"content":{"rendered":"<h3><strong>Studii de licen\u021b\u0103;<\/strong><\/h3>\n<h3><strong>Domeniul: \u0218tiin\u021ba Mediului;<\/strong><\/h3>\n<h3><strong>Durata: 3 ani;<\/strong><\/h3>\n<h4>Studiile \u00een domeniul \u0218tiin\u021belor mediului au devenit \u00een ultimele decenii din ce \u00een ce mai importante \u00een op\u021biunea de formare a tinerilor speciali\u0219ti la nivel mondial, odat\u0103 cu cre\u0219terea complexit\u0103\u021bii provoc\u0103rilor din domeniul mediului.<span id=\"more-4\"><\/span><\/h4>\n<h4>Programul de studii de licen\u021b\u0103\u00a0<strong><em>Ecologie \u0219i protec\u021bia mediului\u00a0<\/em><\/strong>func\u021bioneaz\u0103 \u00een cadrul Facult\u0103\u021bii de \u0218tiin\u021be a ULBS din anul 1990, fiind prima specializare de acest fel din \u021bar\u0103. Urm\u00e2nd preocup\u0103rile la nivel interna\u021bional legate de problemele de mediu, \u00eenfiin\u021barea \u00eenv\u0103\u021b\u0103m\u00e2ntului ecologic rom\u00e2nesc a venit ca un r\u0103spuns la nevoile societ\u0103\u021bii de a forma speciali\u0219ti \u00een domeniul mediului, capabili s\u0103 g\u0103seasc\u0103 solu\u021bii la problemele generate de dezvoltarea economic\u0103.<\/h4>\n<h4>Formarea \u00een domeniul ecologiei \u0219i protec\u021biei mediului implic\u0103 achizi\u021bionarea unor cuno\u0219tin\u021be fundamentale privind structurarea \u0219i func\u021bionarea sistemelor ecologice prin studiul integrat al componentelor de mediu \u0219i al comunit\u0103\u021bilor de organisme. Disciplinelor fundamentale li se adaug\u0103 discipline de specializare care trateaz\u0103 biodiversitatea \u0219i rolul acestei \u00een generarea serviciilor ecosistemice, impactul antropic asupra mediului \u0219i modalit\u0103\u021bile de protec\u021bie\/ reabilitare a sistemelor ecologice.<\/h4>\n<h4><strong>Oportunit\u0103\u021bi<\/strong><\/h4>\n<h4>Natura ocupa\u021biilor \u0219i profesiilor pe care le pot avea absolven\u021bii programelor de studiu \u00een domeniul \u0218tiin\u021ba mediului de la ULBS sunt diverse: speciali\u0219ti \u00een domeniul mediului \u00een agen\u021bii de protec\u021bia mediului, garda de mediu, firme de consultan\u021b\u0103\/expertiz\u0103 de mediu, administra\u021bia public\u0103, administra\u021bii ale ariilor naturale protejate, organiza\u021bii neguvernamentale, laboratoare de cercetare, sau cadre didactice \u00een \u00eenva\u021b\u0103m\u00e2ntul preuniversitar.<\/h4>\n","protected":false},"excerpt":{"rendered":"<p>Studii de licen\u021b\u0103; Domeniul: \u0218tiin\u021ba Mediului; Durata: 3 ani; Studiile \u00een domeniul \u0218tiin\u021belor mediului au devenit \u00een ultimele decenii din ce \u00een ce mai importante \u00een op\u021biunea de formare a tinerilor speciali\u0219ti la nivel mondial, odat\u0103 cu cre\u0219terea complexit\u0103\u021bii provoc\u0103rilor <a href=\"https:\/\/stiinte.ulbsibiu.ro\/epm\/planuri-de-invatamant\/studii-de-licenta\/ecologie-si-protectia-mediului\/\" class=\"read-more\">Read More &#8230;<\/a><\/p>\n","protected":false},"author":2,"featured_media":425,"parent":85,"menu_order":0,"comment_status":"closed","ping_status":"closed","template":"","meta":[],"_links":{"self":[{"href":"https:\/\/stiinte.ulbsibiu.ro\/epm\/wp-json\/wp\/v2\/pages\/405"}],"collection":[{"href":"https:\/\/stiinte.ulbsibiu.ro\/epm\/wp-json\/wp\/v2\/pages"}],"about":[{"href":"https:\/\/stiinte.ulbsibiu.ro\/epm\/wp-json\/wp\/v2\/types\/page"}],"author":[{"embeddable":true,"href":"https:\/\/stiinte.ulbsibiu.ro\/epm\/wp-json\/wp\/v2\/users\/2"}],"replies":[{"embeddable":true,"href":"https:\/\/stiinte.ulbsibiu.ro\/epm\/wp-json\/wp\/v2\/comments?post=405"}],"version-history":[{"count":9,"href":"https:\/\/stiinte.ulbsibiu.ro\/epm\/wp-json\/wp\/v2\/pages\/405\/revisions"}],"predecessor-version":[{"id":487,"href":"https:\/\/stiinte.ulbsibiu.ro\/epm\/wp-json\/wp\/v2\/pages\/405\/revisions\/487"}],"up":[{"embeddable":true,"href":"https:\/\/stiinte.ulbsibiu.ro\/epm\/wp-json\/wp\/v2\/pages\/85"}],"wp:featuredmedia":[{"embeddable":true,"href":"https:\/\/stiinte.ulbsibiu.ro\/epm\/wp-json\/wp\/v2\/media\/425"}],"wp:attachment":[{"href":"https:\/\/stiinte.ulbsibiu.ro\/epm\/wp-json\/wp\/v2\/media?parent=405"}],"curies":[{"name":"wp","href":"https:\/\/api.w.org\/{rel}","templated":true}]}}