{"id":40,"date":"2016-04-08T12:09:12","date_gmt":"2016-04-08T09:09:12","guid":{"rendered":"http:\/\/epm.stiinte.ulbsibiu.ro\/?page_id=40"},"modified":"2025-03-31T14:35:37","modified_gmt":"2025-03-31T12:35:37","slug":"admitere","status":"publish","type":"page","link":"https:\/\/stiinte.ulbsibiu.ro\/epm\/admitere\/","title":{"rendered":"Admitere 2025"},"content":{"rendered":"<div class=\"vc_row wpb_row vc_row-fluid\"><div class=\"wpb_column vc_column_container vc_col-sm-12\"><div class=\"wpb_wrapper\">\n\t<div class=\"wpb_text_column wpb_content_element \">\n\t\t<div class=\"wpb_wrapper\">\n\t\t\t<h4>Informa\u021bii despre admiterea la <strong>Ecologie \u0219i protec\u021bia mediului, Biology (program \u00een limba englez\u0103) <\/strong>\u0219i <strong>Biologie<\/strong> (studii de licen\u021b\u0103), <strong>Expertiza \u0219i managementul sistemelor ecologice<\/strong> \u0219i <strong>Biologie aplicat\u0103<\/strong> (studii de masterat)\u00a0 \u00a0 \u00a0 \u00a0 \u00a0 \u00a0 \u00a0 \u00a0 \u00a0 \u00a0 \u00a0 \u00a0 \u00a0 \u00a0 \u00a0 \u00a0 \u00a0 \u00a0 \u00a0 \u00a0 \u00a0 \u00a0 \u00a0 \u00a0 \u00a0 \u00a0 \u00a0 \u00a0 \u00a0 \u00a0 \u00a0 \u00a0 \u00a0 \u00a0 \u00a0 \u00a0 \u00a0 \u00a0 \u00a0 \u00a0 \u00a0 \u00a0 \u00a0 \u00a0 \u00a0 \u00a0 \u00a0 \u00a0 \u00a0 \u00a0 \u00a0 \u00a0 \u00a0 \u00a0 \u00a0 \u00a0 \u00a0 \u00a0 \u00a0 \u00a0 \u00a0 \u00a0 \u00a0 \u00a0 \u00a0 \u00a0 \u00a0 \u00a0 \u00a0 \u00a0 \u00a0 \u00a0 \u00a0 \u00a0 \u00a0 \u00a0 \u00a0 \u00a0 \u00a0 \u00a0 \u00a0 \u00a0 \u00a0 \u00a0 \u00a0 \u00a0 \u00a0 \u00a0 <span style=\"color: #ffffff;\">.<\/span><\/h4>\n\n\t\t<\/div>\n\t<\/div>\n<\/div><\/div><\/div><div class=\"vc_row wpb_row vc_row-fluid vc_custom_1460729989635\"><div class=\"wpb_column vc_column_container vc_col-sm-6\"><div class=\"wpb_wrapper\">\n\t<div class=\"wpb_text_column wpb_content_element \">\n\t\t<div class=\"wpb_wrapper\">\n\t\t\t<h2><span style=\"color: #000080;\">Studii de licen\u021b\u0103<\/span><\/h2>\n\n\t\t<\/div>\n\t<\/div>\n<div class=\"vc_tta-container\" data-vc-action=\"collapse\"><div class=\"vc_general vc_tta vc_tta-tabs vc_tta-color-blue vc_tta-style-modern vc_tta-shape-round vc_tta-spacing-1 vc_tta-tabs-position-left vc_tta-controls-align-left  vc_custom_1460640970476\"><div class=\"vc_tta-tabs-container\"><ul class=\"vc_tta-tabs-list\"><li class=\"vc_tta-tab vc_active\" data-vc-tab><a href=\"#1460407142248-8257af3e-9373\" data-vc-tabs data-vc-container=\".vc_tta\"><span class=\"vc_tta-title-text\">Ecologie \u0219i Protec\u021bia Mediului<\/span><\/a><\/li><li class=\"vc_tta-tab\" data-vc-tab><a href=\"#1460407142315-4d7edbbe-d4e5\" data-vc-tabs data-vc-container=\".vc_tta\"><span class=\"vc_tta-title-text\">Biologie<\/span><\/a><\/li><li class=\"vc_tta-tab\" data-vc-tab><a href=\"#1460407142315-4d7edbbe-d4e5\" data-vc-tabs data-vc-container=\".vc_tta\"><span class=\"vc_tta-title-text\">Biology (program \u00een limba englez\u0103)<\/span><\/a><\/li><\/ul><\/div><div class=\"vc_tta-panels-container\"><div class=\"vc_tta-panels\"><div class=\"vc_tta-panel vc_active\" id=\"1460407142248-8257af3e-9373\" data-vc-content=\".vc_tta-panel-body\"><div class=\"vc_tta-panel-heading\"><h4 class=\"vc_tta-panel-title\"><a href=\"#1460407142248-8257af3e-9373\" data-vc-accordion data-vc-container=\".vc_tta-container\"><span class=\"vc_tta-title-text\">Ecologie \u0219i Protec\u021bia Mediului<\/span><\/a><\/h4><\/div><div class=\"vc_tta-panel-body\">\n\t<div class=\"wpb_text_column wpb_content_element \">\n\t\t<div class=\"wpb_wrapper\">\n\t\t\t<h3><span style=\"color: #000080;\">28 locuri F\u0102R\u0102 tax\u0103<\/span><\/h3>\n<h3><span style=\"color: #000080;\">10\u00a0locuri cu tax\u0103<\/span><\/h3>\n\n\t\t<\/div>\n\t<\/div>\n<\/div><\/div><div class=\"vc_tta-panel\" id=\"1460407142315-4d7edbbe-d4e5\" data-vc-content=\".vc_tta-panel-body\"><div class=\"vc_tta-panel-heading\"><h4 class=\"vc_tta-panel-title\"><a href=\"#1460407142315-4d7edbbe-d4e5\" data-vc-accordion data-vc-container=\".vc_tta-container\"><span class=\"vc_tta-title-text\">Biologie<\/span><\/a><\/h4><\/div><div class=\"vc_tta-panel-body\">\n\t<div class=\"wpb_text_column wpb_content_element \">\n\t\t<div class=\"wpb_wrapper\">\n\t\t\t<h3><span style=\"color: #000080;\">25 locuri\u00a0F\u0102R\u0102 tax\u0103 (+1 Rep. Moldova)<\/span><\/h3>\n<h3><span style=\"color: #000080;\">20\u00a0locuri\u00a0cu tax\u0103<\/span><\/h3>\n\n\t\t<\/div>\n\t<\/div>\n<\/div><\/div><div class=\"vc_tta-panel\" id=\"1460407142315-4d7edbbe-d4e5\" data-vc-content=\".vc_tta-panel-body\"><div class=\"vc_tta-panel-heading\"><h4 class=\"vc_tta-panel-title\"><a href=\"#1460407142315-4d7edbbe-d4e5\" data-vc-accordion data-vc-container=\".vc_tta-container\"><span class=\"vc_tta-title-text\">Biology (program \u00een limba englez\u0103)<\/span><\/a><\/h4><\/div><div class=\"vc_tta-panel-body\">\n\t<div class=\"wpb_text_column wpb_content_element \">\n\t\t<div class=\"wpb_wrapper\">\n\t\t\t<h3><span style=\"color: #000080;\">8 locuri F\u0102R\u0102 tax\u0103<\/span><\/h3>\n<h3><span style=\"color: #000080;\">12 locuri cu tax\u0103<\/span><\/h3>\n\n\t\t<\/div>\n\t<\/div>\n<\/div><\/div><\/div><\/div><\/div><\/div><\/div><\/div><\/div><div class=\"vc_row wpb_row vc_row-fluid\"><div class=\"wpb_column vc_column_container vc_col-sm-9\"><div class=\"wpb_wrapper\">\n\t<div class=\"wpb_text_column wpb_content_element \">\n\t\t<div class=\"wpb_wrapper\">\n\t\t\t<h2><span style=\"color: #000080;\">Studii de\u00a0masterat<\/span><\/h2>\n\n\t\t<\/div>\n\t<\/div>\n<div class=\"vc_tta-container\" data-vc-action=\"collapse\"><div class=\"vc_general vc_tta vc_tta-tabs vc_tta-color-blue vc_tta-style-modern vc_tta-shape-round vc_tta-spacing-1 vc_tta-tabs-position-left vc_tta-controls-align-left \"><div class=\"vc_tta-tabs-container\"><ul class=\"vc_tta-tabs-list\"><li class=\"vc_tta-tab vc_active\" data-vc-tab><a href=\"#1460407203545-29738759-999c\" data-vc-tabs data-vc-container=\".vc_tta\"><span class=\"vc_tta-title-text\">Expertiza \u0219i Managementul Sistemelor Ecologice<\/span><\/a><\/li><li class=\"vc_tta-tab\" data-vc-tab><a href=\"#1460407203630-5274445c-fdf3\" data-vc-tabs data-vc-container=\".vc_tta\"><span class=\"vc_tta-title-text\">Biologie Aplicat\u0103<\/span><\/a><\/li><\/ul><\/div><div class=\"vc_tta-panels-container\"><div class=\"vc_tta-panels\"><div class=\"vc_tta-panel vc_active\" id=\"1460407203545-29738759-999c\" data-vc-content=\".vc_tta-panel-body\"><div class=\"vc_tta-panel-heading\"><h4 class=\"vc_tta-panel-title\"><a href=\"#1460407203545-29738759-999c\" data-vc-accordion data-vc-container=\".vc_tta-container\"><span class=\"vc_tta-title-text\">Expertiza \u0219i Managementul Sistemelor Ecologice<\/span><\/a><\/h4><\/div><div class=\"vc_tta-panel-body\">\n\t<div class=\"wpb_text_column wpb_content_element \">\n\t\t<div class=\"wpb_wrapper\">\n\t\t\t<h3><span style=\"color: #000080;\">20 locuri\u00a0F\u0102R\u0102 tax\u0103<\/span><\/h3>\n<h3><span style=\"color: #000080;\">5\u00a0locuri cu tax\u0103<\/span><\/h3>\n\n\t\t<\/div>\n\t<\/div>\n<\/div><\/div><div class=\"vc_tta-panel\" id=\"1460407203630-5274445c-fdf3\" data-vc-content=\".vc_tta-panel-body\"><div class=\"vc_tta-panel-heading\"><h4 class=\"vc_tta-panel-title\"><a href=\"#1460407203630-5274445c-fdf3\" data-vc-accordion data-vc-container=\".vc_tta-container\"><span class=\"vc_tta-title-text\">Biologie Aplicat\u0103<\/span><\/a><\/h4><\/div><div class=\"vc_tta-panel-body\">\n\t<div class=\"wpb_text_column wpb_content_element \">\n\t\t<div class=\"wpb_wrapper\">\n\t\t\t<h3><span style=\"color: #000080;\">18 locuri F\u0102R\u0102 tax\u0103<\/span><\/h3>\n<h3><span style=\"color: #000080;\">12 locuri\u00a0cu tax\u0103<\/span><\/h3>\n\n\t\t<\/div>\n\t<\/div>\n<\/div><\/div><\/div><\/div><\/div><\/div><\/div><\/div><\/div><div class=\"vc_row wpb_row vc_row-fluid\"><div class=\"wpb_column vc_column_container vc_col-sm-12\"><div class=\"wpb_wrapper\"><div class=\"vc_tta-container\" data-vc-action=\"collapse\"><div class=\"vc_general vc_tta vc_tta-tabs vc_tta-color-sky vc_tta-style-modern vc_tta-shape-round vc_tta-spacing-1 vc_tta-tabs-position-left vc_tta-controls-align-left \"><div class=\"vc_tta-tabs-container\"><ul class=\"vc_tta-tabs-list\"><li class=\"vc_tta-tab vc_active\" data-vc-tab><a href=\"#1460460990650-5228c1a8-833d\" data-vc-tabs data-vc-container=\".vc_tta\"><span class=\"vc_tta-title-text\">Calendarul admiterii<\/span><\/a><\/li><li class=\"vc_tta-tab\" data-vc-tab><a href=\"#1460407279449-42973f58-4e09\" data-vc-tabs data-vc-container=\".vc_tta\"><span class=\"vc_tta-title-text\">Forma de admitere<\/span><\/a><\/li><li class=\"vc_tta-tab\" data-vc-tab><a href=\"#1460407279553-de330856-e1a3\" data-vc-tabs data-vc-container=\".vc_tta\"><span class=\"vc_tta-title-text\">Acte necesare pentru \u00eenscriere<\/span><\/a><\/li><\/ul><\/div><div class=\"vc_tta-panels-container\"><div class=\"vc_tta-panels\"><div class=\"vc_tta-panel vc_active\" id=\"1460460990650-5228c1a8-833d\" data-vc-content=\".vc_tta-panel-body\"><div class=\"vc_tta-panel-heading\"><h4 class=\"vc_tta-panel-title\"><a href=\"#1460460990650-5228c1a8-833d\" data-vc-accordion data-vc-container=\".vc_tta-container\"><span class=\"vc_tta-title-text\">Calendarul admiterii<\/span><\/a><\/h4><\/div><div class=\"vc_tta-panel-body\">\n\t<div class=\"wpb_text_column wpb_content_element \">\n\t\t<div class=\"wpb_wrapper\">\n\t\t\t<h4>ADMITERE LICEN\u021a\u0102<\/h4>\n<h4><span style=\"color: #000080;\">1 mai 2025:<\/span> deschiderea platformei pentru pre-\u00eenscriere<\/h4>\n<h4><span style=\"color: #000080;\">1 \u2013 12 iulie 2025:<\/span>\u00a0perioada de \u00eenscriere<\/h4>\n<h4><span style=\"color: #000080;\">1 \u2013 13 iulie 202<\/span><span style=\"color: #000080;\">5: <\/span>validare dosare<\/h4>\n<h4><span style=\"color: #000080;\">13 iulie<\/span><span style=\"color: #000080;\">\u00a0<\/span><span style=\"color: #000080;\">2024 -: <\/span>proba de competen\u021b\u0103 lingvistic\u0103 (pentru specializarea Biology &#8211; Biologie in limba englez\u0103)<\/h4>\n<h4><span style=\"color: #000080;\">14 iulie 2024<\/span>: afi\u0219area listelor ini\u021biale<\/h4>\n<h4><span style=\"color: #000080;\">15-18 iulie 2025<\/span>: perioada de confirmare a locurilor &#8211; etapa 1<\/h4>\n<h4><span style=\"color: #000080;\">19 iulie 2025: <\/span>afi\u0219area rezultatelor &#8211; etapa 1<\/h4>\n<h4><span style=\"color: #000080;\">19-21 iulie 2025:<\/span>perioada de confirmare a locurilor &#8211; etapa 2<\/h4>\n<h4><span style=\"color: #000080;\">22 iulie 2025: <\/span>afi\u0219area rezultatelor &#8211; etapa 2<\/h4>\n<h4><span style=\"color: #000080;\">22-24 iulie 2025<\/span>: perioada de confirmare a locurilor &#8211; etapa 3<\/h4>\n<h4><span style=\"color: #000080;\">25 iulie 2025: <\/span>afi\u0219area rezultatelor finale<\/h4>\n<h4>ADMITERE MASTERAT<\/h4>\n<h4><span style=\"color: #000080;\">2 iunie 2025:<\/span> deschiderea platformei pentru pre-\u00eenscriere<\/h4>\n<h4><span style=\"color: #000080;\">7 \u2013 13 iulie 2025:<\/span>\u00a0perioada de \u00eenscriere<\/h4>\n<h4><span style=\"color: #000080;\">7 \u2013 14 iulie 202<\/span><span style=\"color: #000080;\">5: <\/span>validare dosare<\/h4>\n<h4><span style=\"color: #000080;\">15 iulie<\/span><span style=\"color: #000080;\">\u00a0<\/span><span style=\"color: #000080;\">2024: Interviu masterat (proba eliminatorie)<\/span><\/h4>\n<h4><span style=\"color: #000080;\">16 iulie 2025: <\/span>afi\u0219area rezultatelor<\/h4>\n<h4><span style=\"color: #000080;\">17-19 iulie 2025:<\/span>perioada de confirmare a locurilor<\/h4>\n<h4><span style=\"color: #000080;\">21 iulie 2025: <\/span>afi\u0219area rezultatelor intermediare<\/h4>\n<h4><span style=\"color: #000080;\">21-22 iulie 2025:<\/span>confirmare locurilor dup\u0103 glisare<\/h4>\n<h4><span style=\"color: #000080;\">23 iulie 2025: <\/span>afi\u0219area rezultatelor finale<\/h4>\n\n\t\t<\/div>\n\t<\/div>\n<\/div><\/div><div class=\"vc_tta-panel\" id=\"1460407279449-42973f58-4e09\" data-vc-content=\".vc_tta-panel-body\"><div class=\"vc_tta-panel-heading\"><h4 class=\"vc_tta-panel-title\"><a href=\"#1460407279449-42973f58-4e09\" data-vc-accordion data-vc-container=\".vc_tta-container\"><span class=\"vc_tta-title-text\">Forma de admitere<\/span><\/a><\/h4><\/div><div class=\"vc_tta-panel-body\">\n\t<div class=\"wpb_text_column wpb_content_element \">\n\t\t<div class=\"wpb_wrapper\">\n\t\t\t<h3><span style=\"color: #000080;\">Studii de licen\u021b\u0103: concurs de dosare\u00a0<\/span><\/h3>\n<h3><span style=\"color: #000080;\">Studii de masterat: examen oral (admis\/respins) \u0219i concurs de dosare<\/span><\/h3>\n\n\t\t<\/div>\n\t<\/div>\n<\/div><\/div><div class=\"vc_tta-panel\" id=\"1460407279553-de330856-e1a3\" data-vc-content=\".vc_tta-panel-body\"><div class=\"vc_tta-panel-heading\"><h4 class=\"vc_tta-panel-title\"><a href=\"#1460407279553-de330856-e1a3\" data-vc-accordion data-vc-container=\".vc_tta-container\"><span class=\"vc_tta-title-text\">Acte necesare pentru \u00eenscriere<\/span><\/a><\/h4><\/div><div class=\"vc_tta-panel-body\">\n\t<div class=\"wpb_text_column wpb_content_element \">\n\t\t<div class=\"wpb_wrapper\">\n\t\t\t<h4 style=\"text-align: justify;\">cerere tip de \u00eenscriere (se ob\u021bine de la comisia de admitere)<\/h4>\n<h4 style=\"text-align: justify;\">certificatul de na\u015ftere (copie legalizat\u0103)<\/h4>\n<h4 style=\"text-align: justify;\">fotocopie dup\u0103 actul de identitate<\/h4>\n<h4 style=\"text-align: justify;\">adeverin\u0163\u0103 medical\u0103 tip<\/h4>\n<h4 style=\"text-align: justify;\">adeverin\u0163\u0103 din care s\u0103 rezulte calitatea de student integralist \u00een sesiunea de var\u0103 (pentru studen\u0163ii la a doua specializare)<\/h4>\n<h4 style=\"text-align: justify;\">3 fotografii tip carte (buletin) de identitate<\/h4>\n<h4 style=\"text-align: justify;\">dosar plic<\/h4>\n<h4 style=\"text-align: justify;\">chitan\u0163\u0103 de plat\u0103 a taxei de \u00eenscriere = 150 RON<\/h4>\n<h4 style=\"text-align: justify;\"><span style=\"color: #ff0000;\"><strong><em>pentru studii de licen\u021b\u0103<\/em><\/strong>:<\/span> diplom\u0103 de bacalaureat sau echivalent\u0103, sau adeverin\u021b\u0103 de absolvire \u00een cazul absolven\u021bilor promo\u021biei 2016,\u00a0original sau copie legalizat\u0103 (dac\u0103 originalul este depus la o alt\u0103 facultate)<\/h4>\n<h4 style=\"text-align: justify;\"><span style=\"color: #ff0000;\"><em><strong>pentru studii de masterat<\/strong><\/em>:<\/span> diplom\u0103 de licen\u021b\u0103 sau echivalent\u0103 sau adeverin\u021b\u0103 de absolvire \u0219i supliment la diplom\u0103<\/h4>\n\n\t\t<\/div>\n\t<\/div>\n<\/div><\/div><\/div><\/div><\/div><\/div><\/div><\/div><\/div>\n","protected":false},"excerpt":{"rendered":"Informa\u021bii despre admiterea la Ecologie \u0219i protec\u021bia mediului, Biology (program \u00een limba englez\u0103) \u0219i Biologie (studii de licen\u021b\u0103), Expertiza \u0219i managementul sistemelor ecologice \u0219i Biologie aplicat\u0103 (studii de masterat)\u00a0 \u00a0 \u00a0 \u00a0 \u00a0 \u00a0 \u00a0 \u00a0 \u00a0 \u00a0 \u00a0 \u00a0 <a href=\"https:\/\/stiinte.ulbsibiu.ro\/epm\/admitere\/\" class=\"read-more\">Read More ...<\/a>","protected":false},"author":4,"featured_media":423,"parent":0,"menu_order":6,"comment_status":"closed","ping_status":"closed","template":"","meta":[],"_links":{"self":[{"href":"https:\/\/stiinte.ulbsibiu.ro\/epm\/wp-json\/wp\/v2\/pages\/40"}],"collection":[{"href":"https:\/\/stiinte.ulbsibiu.ro\/epm\/wp-json\/wp\/v2\/pages"}],"about":[{"href":"https:\/\/stiinte.ulbsibiu.ro\/epm\/wp-json\/wp\/v2\/types\/page"}],"author":[{"embeddable":true,"href":"https:\/\/stiinte.ulbsibiu.ro\/epm\/wp-json\/wp\/v2\/users\/4"}],"replies":[{"embeddable":true,"href":"https:\/\/stiinte.ulbsibiu.ro\/epm\/wp-json\/wp\/v2\/comments?post=40"}],"version-history":[{"count":76,"href":"https:\/\/stiinte.ulbsibiu.ro\/epm\/wp-json\/wp\/v2\/pages\/40\/revisions"}],"predecessor-version":[{"id":653,"href":"https:\/\/stiinte.ulbsibiu.ro\/epm\/wp-json\/wp\/v2\/pages\/40\/revisions\/653"}],"wp:featuredmedia":[{"embeddable":true,"href":"https:\/\/stiinte.ulbsibiu.ro\/epm\/wp-json\/wp\/v2\/media\/423"}],"wp:attachment":[{"href":"https:\/\/stiinte.ulbsibiu.ro\/epm\/wp-json\/wp\/v2\/media?parent=40"}],"curies":[{"name":"wp","href":"https:\/\/api.w.org\/{rel}","templated":true}]}}