{"id":20,"date":"2016-04-08T12:04:50","date_gmt":"2016-04-08T10:04:50","guid":{"rendered":"http:\/\/epm.stiinte.ulbsibiu.ro\/?page_id=20"},"modified":"2026-01-15T11:00:00","modified_gmt":"2026-01-15T09:00:00","slug":"profesori","status":"publish","type":"page","link":"https:\/\/stiinte.ulbsibiu.ro\/epm\/profesori\/","title":{"rendered":"Cadre didactice"},"content":{"rendered":"<div class=\"vc_row wpb_row vc_row-fluid\"><\/div><div class=\"wpb_column vc_column_container vc_col-sm-12\"><div class=\"wpb_wrapper\"><\/div><\/div>\n\t<div class=\"wpb_text_column wpb_content_element \">\n\t\t<div class=\"wpb_wrapper\">\n\t\t\t\n\t\t<\/div>\n\t<\/div>\n<h4>Informa\u021bii despre cadrele didactice implicate \u00een programele de studiu Ecologie \u0219i Protec\u021bia Mediului \u0219i Biologie\u00a0 \u00a0 \u00a0 \u00a0 \u00a0 \u00a0 \u00a0 \u00a0 \u00a0 \u00a0 \u00a0 \u00a0 \u00a0 \u00a0 \u00a0 \u00a0 \u00a0 \u00a0 \u00a0 \u00a0 \u00a0 \u00a0 \u00a0 \u00a0 \u00a0 \u00a0 \u00a0 \u00a0 \u00a0 \u00a0 \u00a0 \u00a0 \u00a0 \u00a0 \u00a0 \u00a0 \u00a0 \u00a0 \u00a0 \u00a0 \u00a0 \u00a0 \u00a0 \u00a0 \u00a0 \u00a0 \u00a0 \u00a0 \u00a0 \u00a0 \u00a0 \u00a0 \u00a0 \u00a0 \u00a0 \u00a0 \u00a0 \u00a0 \u00a0 \u00a0 \u00a0 \u00a0 \u00a0 \u00a0 \u00a0 \u00a0 \u00a0 \u00a0 \u00a0 \u00a0 \u00a0 \u00a0 \u00a0 \u00a0 \u00a0 \u00a0 \u00a0 \u00a0 \u00a0 \u00a0 \u00a0 \u00a0 \u00a0 \u00a0 \u00a0 \u00a0 \u00a0 \u00a0 \u00a0 \u00a0 \u00a0 \u00a0 \u00a0 \u00a0 \u00a0 \u00a0 \u00a0 \u00a0 \u00a0 \u00a0 \u00a0 \u00a0 \u00a0 \u00a0 \u00a0 \u00a0 \u00a0 \u00a0 \u00a0 \u00a0 \u00a0 \u00a0 \u00a0 \u00a0 \u00a0 \u00a0 \u00a0 \u00a0 \u00a0 \u00a0 \u00a0 \u00a0 \u00a0 \u00a0 \u00a0 \u00a0 \u00a0 \u00a0 \u00a0.<\/h4>\n<h2><span style=\"color: #000080;\">Cadre didactice &#8211; Titulari<\/span><\/h2>\n<p><img loading=\"lazy\" class=\"size-full wp-image-1028 aligncenter\" src=\"https:\/\/stiinte.ulbsibiu.ro\/epm\/wp-content\/uploads\/2026\/01\/doru.banaduc.jpg\" alt=\"\" width=\"200\" height=\"300\" srcset=\"https:\/\/stiinte.ulbsibiu.ro\/epm\/wp-content\/uploads\/2026\/01\/doru.banaduc.jpg 200w, https:\/\/stiinte.ulbsibiu.ro\/epm\/wp-content\/uploads\/2026\/01\/doru.banaduc-180x270.jpg 180w\" sizes=\"(max-width: 200px) 100vw, 200px\" \/><\/p>\n<h3 style=\"text-align: center;\"><strong><span style=\"color: #000080;\">Conferen\u021biar univ. dr. Doru B\u0103n\u0103duc<\/span><\/strong><\/h3>\n<p style=\"text-align: center;\"><a href=\"https:\/\/stiinte.ulbsibiu.ro\/epm\/wp-content\/uploads\/2026\/01\/cv_banaduc_doru_2024.pdf\">Curriculum vitae<\/a> + <a href=\"https:\/\/stiinte.ulbsibiu.ro\/epm\/wp-content\/uploads\/2026\/01\/lp_banaduc_doru_2024.pdf\">Publica\u021bii<\/a><\/p>\n<p style=\"text-align: center;\"><em><strong>Monitoring ecologic, Degradarea \u0219i protec\u021bia mediului, Hidrobiologie<\/strong><\/em><\/p>\n<h3><img loading=\"lazy\" class=\"wp-image-1026 size-full aligncenter\" src=\"https:\/\/stiinte.ulbsibiu.ro\/epm\/wp-content\/uploads\/2026\/01\/ana.benedek.jpg\" alt=\"\" width=\"200\" height=\"300\" srcset=\"https:\/\/stiinte.ulbsibiu.ro\/epm\/wp-content\/uploads\/2026\/01\/ana.benedek.jpg 200w, https:\/\/stiinte.ulbsibiu.ro\/epm\/wp-content\/uploads\/2026\/01\/ana.benedek-180x270.jpg 180w\" sizes=\"(max-width: 200px) 100vw, 200px\" \/><\/h3>\n<h3 style=\"text-align: center;\"><strong><span style=\"color: #000080;\">Conferen\u021biar univ. dr. Ana Maria Benedek-S\u00eerbu<\/span><\/strong><\/h3>\n<p style=\"text-align: center;\"><a href=\"https:\/\/stiinte.ulbsibiu.ro\/epm\/wp-content\/uploads\/2026\/01\/cv_benedek_ana_2024-1.pdf\">Curriculum vitae<\/a> + <a href=\"https:\/\/stiinte.ulbsibiu.ro\/epm\/wp-content\/uploads\/2026\/01\/lp_benedek_ana_2024-1.pdf\">Publica\u021bii<\/a><\/p>\n<p style=\"text-align: center;\"><strong><em>Zoologia vertebratelor, Ecologia popula\u021biilor, Ecosisteme: structur\u0103 \u0219i func\u021bii<\/em><\/strong><\/p>\n<p><img loading=\"lazy\" class=\"wp-image-1035 size-full aligncenter\" src=\"https:\/\/stiinte.ulbsibiu.ro\/epm\/wp-content\/uploads\/2026\/01\/marioara.costea.jpg\" alt=\"\" width=\"200\" height=\"295\" srcset=\"https:\/\/stiinte.ulbsibiu.ro\/epm\/wp-content\/uploads\/2026\/01\/marioara.costea.jpg 200w, https:\/\/stiinte.ulbsibiu.ro\/epm\/wp-content\/uploads\/2026\/01\/marioara.costea-183x270.jpg 183w\" sizes=\"(max-width: 200px) 100vw, 200px\" \/><\/p>\n<h3 style=\"text-align: center;\"><strong><span style=\"color: #000080;\">Conferen\u021biar univ. dr. Marioara Costea<\/span><\/strong><\/h3>\n<p style=\"text-align: center;\"><a href=\"https:\/\/stiinte.ulbsibiu.ro\/epm\/wp-content\/uploads\/2026\/01\/cv_costea_marioara_2024-1.pdf\">Curriculum vitae<\/a> + <a href=\"https:\/\/stiinte.ulbsibiu.ro\/epm\/wp-content\/uploads\/2026\/01\/lp_costea_marioara_2024.pdf\">Publica\u021bii<\/a><\/p>\n<p style=\"text-align: center;\"><strong><em>Geomorfologie cu elemente de geologie, Hidrologie, Evaluarea poten\u0163ialului geomorfologic \u015fi hidroclimatic<\/em><\/strong><\/p>\n<p><img loading=\"lazy\" class=\"wp-image-1040 size-full aligncenter\" src=\"https:\/\/stiinte.ulbsibiu.ro\/epm\/wp-content\/uploads\/2026\/01\/voichita.gheoca.jpg\" alt=\"\" width=\"200\" height=\"300\" srcset=\"https:\/\/stiinte.ulbsibiu.ro\/epm\/wp-content\/uploads\/2026\/01\/voichita.gheoca.jpg 200w, https:\/\/stiinte.ulbsibiu.ro\/epm\/wp-content\/uploads\/2026\/01\/voichita.gheoca-180x270.jpg 180w\" sizes=\"(max-width: 200px) 100vw, 200px\" \/><\/p>\n<h3 style=\"text-align: center;\"><strong><span style=\"color: #000080;\">Conferen\u021biar univ. dr. Voichi\u021ba Gheoca<\/span><\/strong><\/h3>\n<p style=\"text-align: center;\"><a href=\"https:\/\/stiinte.ulbsibiu.ro\/epm\/wp-content\/uploads\/2026\/01\/cv_gheoca_voichita_2024-1.pdf\">Curriculum vitae<\/a> + <a href=\"https:\/\/stiinte.ulbsibiu.ro\/epm\/wp-content\/uploads\/2026\/01\/lp_gheoca_voichita_2024.pdf\">Publica\u021bii<\/a><\/p>\n<p style=\"text-align: center;\"><strong><em>Genetic\u0103, Genetic\u0103 ecologic\u0103, Zoologia nevertebratelor, Biomonitori \u0219i bioindicatori<\/em><\/strong><\/p>\n<p><img loading=\"lazy\" class=\"wp-image-1033 size-full aligncenter\" src=\"https:\/\/stiinte.ulbsibiu.ro\/epm\/wp-content\/uploads\/2026\/01\/ion.brinza.jpg\" alt=\"\" width=\"200\" height=\"296\" srcset=\"https:\/\/stiinte.ulbsibiu.ro\/epm\/wp-content\/uploads\/2026\/01\/ion.brinza.jpg 200w, https:\/\/stiinte.ulbsibiu.ro\/epm\/wp-content\/uploads\/2026\/01\/ion.brinza-182x270.jpg 182w\" sizes=\"(max-width: 200px) 100vw, 200px\" \/><\/p>\n<h3 style=\"text-align: center;\"><strong><span style=\"color: #000080;\">Asistent univ. dr. Ion Br\u00eenz\u0103<\/span><\/strong><\/h3>\n<p style=\"text-align: center;\"><a href=\"https:\/\/stiinte.ulbsibiu.ro\/epm\/wp-content\/uploads\/2026\/01\/cv-ion.brinza.pdf\">Curriculum vitae<\/a> + <a href=\"https:\/\/stiinte.ulbsibiu.ro\/epm\/wp-content\/uploads\/2026\/01\/ll-ion.brinza.pdf\">Publica\u021bii<\/a><\/p>\n<p style=\"text-align: center;\"><em><strong>Anatomie uman\u0103, Fiziologie animal\u0103, Func\u021bii de rela\u021bie, nutri\u021bie \u0219i reproducere la animale, Tehnici de laborator<\/strong><\/em><\/p>\n<p><img loading=\"lazy\" class=\"wp-image-1036 size-full aligncenter\" src=\"https:\/\/stiinte.ulbsibiu.ro\/epm\/wp-content\/uploads\/2026\/01\/mihai.craciunas.jpg\" alt=\"\" width=\"200\" height=\"266\" \/><\/p>\n<h3 style=\"text-align: center;\"><strong><span style=\"color: #000080;\">Asistent univ. dr. Mihai Cr\u0103ciuna\u0219<\/span><\/strong><\/h3>\n<p style=\"text-align: center;\"><a href=\"https:\/\/stiinte.ulbsibiu.ro\/epm\/wp-content\/uploads\/2026\/01\/cv-mihai.craciunas.pdf\">Curriculum vitae<\/a> + <a href=\"https:\/\/stiinte.ulbsibiu.ro\/epm\/wp-content\/uploads\/2026\/01\/ll-mihai.craciunas.pdf\">Publica\u021bii<\/a><\/p>\n<p style=\"text-align: center;\"><em><strong>Citologie, anatomie \u015fi morfologie vegetal\u0103,\u00a0Sistematica fanerogamelor, Biologie vegetal\u0103<\/strong><\/em><\/p>\n<p style=\"text-align: center;\">\n<p><img loading=\"lazy\" class=\"wp-image-1037 size-full aligncenter\" src=\"https:\/\/stiinte.ulbsibiu.ro\/epm\/wp-content\/uploads\/2026\/01\/oana.danci_.jpg\" alt=\"\" width=\"200\" height=\"300\" srcset=\"https:\/\/stiinte.ulbsibiu.ro\/epm\/wp-content\/uploads\/2026\/01\/oana.danci_.jpg 200w, https:\/\/stiinte.ulbsibiu.ro\/epm\/wp-content\/uploads\/2026\/01\/oana.danci_-180x270.jpg 180w\" sizes=\"(max-width: 200px) 100vw, 200px\" \/><\/p>\n<h3 style=\"text-align: center;\"><strong><span style=\"color: #000080;\">Lector univ. dr. Oana Danci<\/span><\/strong><\/h3>\n<p style=\"text-align: center;\"><a href=\"https:\/\/stiinte.ulbsibiu.ro\/epm\/wp-content\/uploads\/2026\/01\/cv_danci_oana_2024-1.pdf\">Curriculum vitae <\/a>+ <a href=\"https:\/\/stiinte.ulbsibiu.ro\/epm\/wp-content\/uploads\/2026\/01\/lp_danci_oana_2024.pdf\">Publica\u021bii<\/a><\/p>\n<p style=\"text-align: center;\"><em><strong>Biologie vegetal\u0103, Sistematica criptogamelor,\u00a0Fitosociologie \u015fi vegeta\u0163ia Rom\u00e2niei, Bioproductivitate, Expertiza peisajului<\/strong><\/em><\/p>\n<p><img loading=\"lazy\" class=\"wp-image-1034 size-full aligncenter\" src=\"https:\/\/stiinte.ulbsibiu.ro\/epm\/wp-content\/uploads\/2026\/01\/laurian.gheorghe.jpg\" alt=\"\" width=\"200\" height=\"300\" srcset=\"https:\/\/stiinte.ulbsibiu.ro\/epm\/wp-content\/uploads\/2026\/01\/laurian.gheorghe.jpg 200w, https:\/\/stiinte.ulbsibiu.ro\/epm\/wp-content\/uploads\/2026\/01\/laurian.gheorghe-180x270.jpg 180w\" sizes=\"(max-width: 200px) 100vw, 200px\" \/><\/p>\n<h3 style=\"text-align: center;\"><strong><span style=\"color: #000080;\">Lector univ. dr. Laurian Gheorghe<\/span><\/strong><\/h3>\n<p style=\"text-align: center;\"><a href=\"https:\/\/stiinte.ulbsibiu.ro\/epm\/wp-content\/uploads\/2026\/01\/cv_gheorghe_laurian_2024-1.pdf\">Curriculum vitae<\/a> + <a href=\"https:\/\/stiinte.ulbsibiu.ro\/epm\/wp-content\/uploads\/2026\/01\/lp_gheorghe_laurian_2024-1.pdf\">Publica\u021bii<\/a><\/p>\n<p style=\"text-align: center;\"><em><strong>Meteorologie \u015fi climatologie,\u00a0GIS \u015fi teledetec\u0163ie, Geografia mediului,\u00a0Aplica\u0163ii GIS \u00een managementul mediului, Managementul calit\u0103\u021bii mediului<\/strong><\/em><\/p>\n<p><img loading=\"lazy\" class=\"wp-image-1027 size-full aligncenter\" src=\"https:\/\/stiinte.ulbsibiu.ro\/epm\/wp-content\/uploads\/2026\/01\/daniela.ilie_.jpg\" alt=\"\" width=\"200\" height=\"296\" srcset=\"https:\/\/stiinte.ulbsibiu.ro\/epm\/wp-content\/uploads\/2026\/01\/daniela.ilie_.jpg 200w, https:\/\/stiinte.ulbsibiu.ro\/epm\/wp-content\/uploads\/2026\/01\/daniela.ilie_-182x270.jpg 182w\" sizes=\"(max-width: 200px) 100vw, 200px\" \/><\/p>\n<h3 style=\"text-align: center;\"><strong><span style=\"color: #000080;\">Lector univ. dr. Daniela Ilie<\/span><\/strong><\/h3>\n<p style=\"text-align: center;\"><a href=\"https:\/\/stiinte.ulbsibiu.ro\/epm\/wp-content\/uploads\/2026\/01\/cv-daniela.ilie_.pdf\">Curriculum vitae<\/a> + <a href=\"https:\/\/stiinte.ulbsibiu.ro\/epm\/wp-content\/uploads\/2026\/01\/ll-daniela.ilie_.pdf\">Publica\u021bii<\/a><\/p>\n<p style=\"text-align: center;\"><em><strong>Zoologia nevertebratelor, Ecologie forestier\u0103, Biogeografie, Analiza sistemelor ecologice<\/strong><\/em><\/p>\n<p><img loading=\"lazy\" class=\"wp-image-1029 size-full aligncenter\" src=\"https:\/\/stiinte.ulbsibiu.ro\/epm\/wp-content\/uploads\/2026\/01\/horea.olosutean.jpg\" alt=\"\" width=\"200\" height=\"300\" srcset=\"https:\/\/stiinte.ulbsibiu.ro\/epm\/wp-content\/uploads\/2026\/01\/horea.olosutean.jpg 200w, https:\/\/stiinte.ulbsibiu.ro\/epm\/wp-content\/uploads\/2026\/01\/horea.olosutean-180x270.jpg 180w\" sizes=\"(max-width: 200px) 100vw, 200px\" \/><\/p>\n<h3 style=\"text-align: center;\"><strong><span style=\"color: #000080;\">Lector univ. dr. Horea Olosutean<\/span><\/strong><\/h3>\n<p style=\"text-align: center;\"><a href=\"https:\/\/stiinte.ulbsibiu.ro\/epm\/wp-content\/uploads\/2026\/01\/cv_olosutean_horea_2024-1.pdf\">Curriculum vitae<\/a>\u00a0+\u00a0<a href=\"https:\/\/stiinte.ulbsibiu.ro\/epm\/wp-content\/uploads\/2026\/01\/lp_olosutean_horea_2024-1.pdf\">Publica\u021bii<\/a><\/p>\n<p style=\"text-align: center;\"><strong><em>Modelarea proceselor ecologice, Analiza biologic\u0103 a apelor, cologie uman\u0103<\/em><\/strong><\/p>\n<p><img loading=\"lazy\" class=\"wp-image-1030 size-full aligncenter\" src=\"https:\/\/stiinte.ulbsibiu.ro\/epm\/wp-content\/uploads\/2026\/01\/ioan.sirbu_-1.jpg\" alt=\"\" width=\"200\" height=\"296\" srcset=\"https:\/\/stiinte.ulbsibiu.ro\/epm\/wp-content\/uploads\/2026\/01\/ioan.sirbu_-1.jpg 200w, https:\/\/stiinte.ulbsibiu.ro\/epm\/wp-content\/uploads\/2026\/01\/ioan.sirbu_-1-182x270.jpg 182w\" sizes=\"(max-width: 200px) 100vw, 200px\" \/><\/p>\n<h3 style=\"text-align: center;\"><strong><span style=\"color: #000080;\">Conferen\u021biar univ. dr. Ioan S\u00eerbu<\/span><\/strong><\/h3>\n<p style=\"text-align: center;\"><a href=\"https:\/\/stiinte.ulbsibiu.ro\/epm\/wp-content\/uploads\/2026\/01\/cv_sirbu_ioan_2024-1.pdf\">Curriculum vitae<\/a> + <a href=\"https:\/\/stiinte.ulbsibiu.ro\/epm\/wp-content\/uploads\/2026\/01\/lp_sirbu_ioan_2024.pdf\">Publica\u021bii<\/a><\/p>\n<p style=\"text-align: center;\"><em><strong>Evolu\u021bionism, Etologie,\u00a0 Aplica\u0163ii ale model\u0103rii proceselor \u015fi sistemelor ecologice, Managementul \u0219i modelarea datelor experimentale<\/strong><\/em><\/p>\n<p><img loading=\"lazy\" class=\"wp-image-1031 size-full aligncenter\" src=\"https:\/\/stiinte.ulbsibiu.ro\/epm\/wp-content\/uploads\/2026\/01\/ioan.tausan.jpg\" alt=\"\" width=\"200\" height=\"300\" srcset=\"https:\/\/stiinte.ulbsibiu.ro\/epm\/wp-content\/uploads\/2026\/01\/ioan.tausan.jpg 200w, https:\/\/stiinte.ulbsibiu.ro\/epm\/wp-content\/uploads\/2026\/01\/ioan.tausan-180x270.jpg 180w\" sizes=\"(max-width: 200px) 100vw, 200px\" \/><\/p>\n<h3 style=\"text-align: center;\"><strong><span style=\"color: #000080;\">Lector univ. dr. Ioan T\u0103u\u0219an<\/span><\/strong><\/h3>\n<h4 style=\"text-align: center;\"><em><span style=\"color: #000080;\">Director al Departamentului \u0218.M.F.E.F.S<\/span><\/em><\/h4>\n<p style=\"text-align: center;\"><a href=\"https:\/\/stiinte.ulbsibiu.ro\/epm\/wp-content\/uploads\/2026\/01\/cv_tausan_ioan_2024-1.pdf\">Curriculum vitae<\/a> + <a href=\"https:\/\/stiinte.ulbsibiu.ro\/epm\/wp-content\/uploads\/2026\/01\/lp_tausan_ioan_2024-1.pdf\">Publica\u021bii<\/a><\/p>\n<p style=\"text-align: center;\"><em><strong>Entomologie, Ecologie general\u0103,\u00a0 Faun\u0103 montan\u0103,<\/strong><\/em><\/p>\n<p><img loading=\"lazy\" class=\"wp-image-1032 size-full aligncenter\" src=\"https:\/\/stiinte.ulbsibiu.ro\/epm\/wp-content\/uploads\/2026\/01\/ioana.boeras.jpg\" alt=\"\" width=\"200\" height=\"257\" \/><\/p>\n<h3 style=\"text-align: center;\"><strong><span style=\"color: #000080;\">Lector univ. dr. Ioana Boera\u0219<\/span><\/strong><\/h3>\n<p style=\"text-align: center;\"><a href=\"https:\/\/stiinte.ulbsibiu.ro\/epm\/wp-content\/uploads\/2026\/01\/cv_boeras_ioana_2024-1.pdf\">Curriculum vitae<\/a> + <a href=\"http:\/\/didactic.ecologia-la-sibiu.ro\/wp-content\/uploads\/2022\/03\/LP_B\u0103n\u0103duc_Doru_2021.pdf\">Publica\u021bii<\/a><\/p>\n<p style=\"text-align: center;\"><em><strong>Citologie animal\u0103 cu no\u021biuni de biologie celular\u0103,<\/strong><\/em><\/p>\n<h2 style=\"text-align: center;\"><span style=\"color: #000080;\">Cadre didactice &#8211; Asocia\u021bi<\/span><\/h2>\n<h3><img loading=\"lazy\" class=\"wp-image-1056 size-full aligncenter\" src=\"https:\/\/stiinte.ulbsibiu.ro\/epm\/wp-content\/uploads\/2026\/01\/dan.chicea-1.jpg\" alt=\"\" width=\"200\" height=\"296\" srcset=\"https:\/\/stiinte.ulbsibiu.ro\/epm\/wp-content\/uploads\/2026\/01\/dan.chicea-1.jpg 200w, https:\/\/stiinte.ulbsibiu.ro\/epm\/wp-content\/uploads\/2026\/01\/dan.chicea-1-182x270.jpg 182w\" sizes=\"(max-width: 200px) 100vw, 200px\" \/><\/h3>\n<h3 style=\"text-align: center;\"><span style=\"color: #000080;\"><strong>Profesor univ. dr. Dan Chicea<\/strong><\/span><\/h3>\n<p style=\"text-align: center;\"><em><strong>Biofizic\u0103, Fizica mediului, Tehnici biomedicale de laborator<\/strong><\/em><\/p>\n<h3><img loading=\"lazy\" class=\"wp-image-1060 size-full aligncenter\" src=\"https:\/\/stiinte.ulbsibiu.ro\/epm\/wp-content\/uploads\/2026\/01\/simona.oancea.jpg\" alt=\"\" width=\"267\" height=\"300\" srcset=\"https:\/\/stiinte.ulbsibiu.ro\/epm\/wp-content\/uploads\/2026\/01\/simona.oancea.jpg 267w, https:\/\/stiinte.ulbsibiu.ro\/epm\/wp-content\/uploads\/2026\/01\/simona.oancea-240x270.jpg 240w\" sizes=\"(max-width: 267px) 100vw, 267px\" \/><\/h3>\n<h3 style=\"text-align: center;\"><span style=\"color: #000080;\"><strong>Profesor univ. dr. Simona Oancea<\/strong><\/span><\/h3>\n<p style=\"text-align: center;\"><strong><em>Biochimie<\/em><\/strong><\/p>\n<h3><img loading=\"lazy\" class=\"wp-image-1059 size-full aligncenter\" src=\"https:\/\/stiinte.ulbsibiu.ro\/epm\/wp-content\/uploads\/2026\/01\/miruna.gritu_.jpg\" alt=\"\" width=\"300\" height=\"300\" srcset=\"https:\/\/stiinte.ulbsibiu.ro\/epm\/wp-content\/uploads\/2026\/01\/miruna.gritu_.jpg 300w, https:\/\/stiinte.ulbsibiu.ro\/epm\/wp-content\/uploads\/2026\/01\/miruna.gritu_-150x150.jpg 150w, https:\/\/stiinte.ulbsibiu.ro\/epm\/wp-content\/uploads\/2026\/01\/miruna.gritu_-270x270.jpg 270w\" sizes=\"(max-width: 300px) 100vw, 300px\" \/><\/h3>\n<h3 style=\"text-align: center;\"><span style=\"color: #000080;\"><strong>dr. Miruna Gritu<\/strong><\/span><\/h3>\n<p style=\"text-align: center;\"><em><strong>Parazitologie, Ornitologie, Zoologia vertebratelor<\/strong><\/em><\/p>\n<h3 style=\"text-align: left;\"><\/h3>\n","protected":false},"excerpt":{"rendered":"<p>Informa\u021bii despre cadrele didactice implicate \u00een programele de studiu Ecologie \u0219i Protec\u021bia Mediului \u0219i Biologie\u00a0 \u00a0 \u00a0 \u00a0 \u00a0 \u00a0 \u00a0 \u00a0 \u00a0 \u00a0 \u00a0 \u00a0 \u00a0 \u00a0 \u00a0 \u00a0 \u00a0 \u00a0 \u00a0 \u00a0 \u00a0 \u00a0 \u00a0 \u00a0 \u00a0 \u00a0 <a href=\"https:\/\/stiinte.ulbsibiu.ro\/epm\/profesori\/\" class=\"read-more\">Read More &#8230;<\/a><\/p>\n","protected":false},"author":4,"featured_media":421,"parent":0,"menu_order":2,"comment_status":"closed","ping_status":"closed","template":"","meta":[],"_links":{"self":[{"href":"https:\/\/stiinte.ulbsibiu.ro\/epm\/wp-json\/wp\/v2\/pages\/20"}],"collection":[{"href":"https:\/\/stiinte.ulbsibiu.ro\/epm\/wp-json\/wp\/v2\/pages"}],"about":[{"href":"https:\/\/stiinte.ulbsibiu.ro\/epm\/wp-json\/wp\/v2\/types\/page"}],"author":[{"embeddable":true,"href":"https:\/\/stiinte.ulbsibiu.ro\/epm\/wp-json\/wp\/v2\/users\/4"}],"replies":[{"embeddable":true,"href":"https:\/\/stiinte.ulbsibiu.ro\/epm\/wp-json\/wp\/v2\/comments?post=20"}],"version-history":[{"count":173,"href":"https:\/\/stiinte.ulbsibiu.ro\/epm\/wp-json\/wp\/v2\/pages\/20\/revisions"}],"predecessor-version":[{"id":1092,"href":"https:\/\/stiinte.ulbsibiu.ro\/epm\/wp-json\/wp\/v2\/pages\/20\/revisions\/1092"}],"wp:featuredmedia":[{"embeddable":true,"href":"https:\/\/stiinte.ulbsibiu.ro\/epm\/wp-json\/wp\/v2\/media\/421"}],"wp:attachment":[{"href":"https:\/\/stiinte.ulbsibiu.ro\/epm\/wp-json\/wp\/v2\/media?parent=20"}],"curies":[{"name":"wp","href":"https:\/\/api.w.org\/{rel}","templated":true}]}}